{"id":1547,"date":"2021-05-31T20:08:04","date_gmt":"2021-05-31T20:08:04","guid":{"rendered":"https:\/\/www.nicolaos.ro\/nagypeleske\/?page_id=1547"},"modified":"2021-06-01T04:54:08","modified_gmt":"2021-06-01T04:54:08","slug":"jubileu-200-iunie","status":"publish","type":"page","link":"https:\/\/www.nicolaos.ro\/nagypeleske\/jubileu-200-iunie\/","title":{"rendered":"Jubileu 200 IUNIE"},"content":{"rendered":"<p style=\"text-align: center;\"><strong>IUNIE<\/strong><\/p>\n<p>2 Iunie \u2013 miercuri<\/p>\n<ul>\n<li style=\"list-style-type: none;\">\n<ul>\n<li style=\"list-style-type: none;\">\n<ul>\n<li style=\"list-style-type: none;\">\n<ul>\n<li style=\"list-style-type: none;\">\n<ul>\n<li>Ferici\u021bii Episcopi martiri greco-catolici rom\u00e2ni (procesiune cu moa\u0219tele episcopilor)<span style=\"color: #ff0000;\"><em> &#8211; am\u00e2nat din cauza pendemiei<\/em><\/span><\/li>\n<\/ul>\n<\/li>\n<\/ul>\n<\/li>\n<\/ul>\n<\/li>\n<\/ul>\n<\/li>\n<\/ul>\n<p>6 Iunie \u2013 Duminic\u0103<\/p>\n<ul>\n<li style=\"list-style-type: none;\">\n<ul>\n<li style=\"list-style-type: none;\">\n<ul>\n<li style=\"list-style-type: none;\">\n<ul>\n<li style=\"list-style-type: none;\">\n<ul>\n<li>Novena Sf. Ana III.<\/li>\n<\/ul>\n<\/li>\n<\/ul>\n<\/li>\n<\/ul>\n<\/li>\n<\/ul>\n<\/li>\n<\/ul>\n<p>12 Iunie \u2013 s\u00e2mb\u0103t\u0103<\/p>\n<ul>\n<li style=\"list-style-type: none;\">\n<ul>\n<li style=\"list-style-type: none;\">\n<ul>\n<li style=\"list-style-type: none;\">\n<ul>\n<li style=\"list-style-type: none;\">\n<ul>\n<li>Pelerinaj la sanctuarul de la M\u00e1riap\u00f3cs<\/li>\n<\/ul>\n<\/li>\n<\/ul>\n<\/li>\n<\/ul>\n<\/li>\n<\/ul>\n<\/li>\n<\/ul>\n<p>13 Iunie \u2013 Duminic\u0103<\/p>\n<ul>\n<li style=\"list-style-type: none;\">\n<ul>\n<li style=\"list-style-type: none;\">\n<ul>\n<li style=\"list-style-type: none;\">\n<ul>\n<li style=\"list-style-type: none;\">\n<ul>\n<li>\u00cenm\u00e2narea icoanei \u201eSf. Ap. Bartolomeu\u201d<\/li>\n<li>Novena Sf. Ana IV.<\/li>\n<\/ul>\n<\/li>\n<\/ul>\n<\/li>\n<\/ul>\n<\/li>\n<\/ul>\n<\/li>\n<\/ul>\n<p>20 Iunie \u2013 Duminic\u0103<\/p>\n<ul>\n<li style=\"list-style-type: none;\">\n<ul>\n<li style=\"list-style-type: none;\">\n<ul>\n<li style=\"list-style-type: none;\">\n<ul>\n<li style=\"list-style-type: none;\">\n<ul>\n<li>Novena Sf. Ana V.<\/li>\n<\/ul>\n<\/li>\n<\/ul>\n<\/li>\n<\/ul>\n<\/li>\n<\/ul>\n<\/li>\n<\/ul>\n<p>24 Iunie \u2013 joi<\/p>\n<ul>\n<li style=\"list-style-type: none;\">\n<ul>\n<li style=\"list-style-type: none;\">\n<ul>\n<li style=\"list-style-type: none;\">\n<ul>\n<li style=\"list-style-type: none;\">\n<ul>\n<li>S\u00e2nziene \u2013 binecuv\u00e2ntarea ierburilor \u0219i ceaiurilor\u00a0<span style=\"color: #ff0000;\"><em>\u2013 am\u00e2nat vezi: 27 mai<\/em><\/span><\/li>\n<li>\u201eCeaiul de dup\u0103-amiaz\u0103\u201d \u00eent\u00e2lnirea Asocia\u021bia Femeilor Sf. Ana <span style=\"color: #ff0000;\"><em> &#8211; am\u00e2nat din cauza pendemiei<\/em><\/span><\/li>\n<li>\u201eacum 200 de ani\u201d &#8211; Comemorarea mor\u021bii al lui Becsky Magdolna (\u271d1821)<span style=\"color: #ff0000;\"> <em>&#8211; am\u00e2nat din cauza pendemiei<\/em><\/span><\/li>\n<\/ul>\n<\/li>\n<\/ul>\n<\/li>\n<\/ul>\n<\/li>\n<\/ul>\n<\/li>\n<\/ul>\n<p>27 Iunie \u2013 Duminic\u0103<\/p>\n<ul>\n<li style=\"list-style-type: none;\">\n<ul>\n<li style=\"list-style-type: none;\">\n<ul>\n<li style=\"list-style-type: none;\">\n<ul>\n<li style=\"list-style-type: none;\">\n<ul>\n<li>Moa\u0219tele Sf. Ladislau \u00een biserica noastr\u0103 (procesiune cu moa\u0219tele Sf. Ladislau) <span style=\"color: #ff0000;\"> <em>&#8211; am\u00e2nat din cauza pendemiei<\/em><\/span><\/li>\n<li>Novena Sf. Ana VI.<\/li>\n<\/ul>\n<\/li>\n<\/ul>\n<\/li>\n<\/ul>\n<\/li>\n<\/ul>\n<\/li>\n<\/ul>\n<p>29 Iunie &#8211; mar\u021bi<\/p>\n<ul>\n<li style=\"list-style-type: none;\">\n<ul>\n<li style=\"list-style-type: none;\">\n<ul>\n<li style=\"list-style-type: none;\">\n<ul>\n<li style=\"list-style-type: none;\">\n<ul>\n<li>\u00cenm\u00e2narea icoanei \u201eSf. Ap. Petru \u0219i Sf. Ap. Pavel\u201d <span style=\"color: #ff0000;\">\u00a0<\/span><em><span style=\"color: #ff0000;\">\u2013 am\u00e2nat vezi: 4 iunie<\/span><br \/>\n<\/em><\/li>\n<\/ul>\n<\/li>\n<\/ul>\n<\/li>\n<\/ul>\n<\/li>\n<\/ul>\n<\/li>\n<\/ul>\n","protected":false},"excerpt":{"rendered":"<p>IUNIE 2 Iunie \u2013 miercuri Ferici\u021bii Episcopi martiri greco-catolici rom\u00e2ni (procesiune cu moa\u0219tele episcopilor) &#8211; am\u00e2nat din cauza pendemiei 6 Iunie \u2013 Duminic\u0103 Novena Sf. Ana III. 12 Iunie \u2013 s\u00e2mb\u0103t\u0103 Pelerinaj la sanctuarul de la M\u00e1riap\u00f3cs 13 Iunie \u2013 Duminic\u0103 \u00cenm\u00e2narea icoanei \u201eSf. Ap. Bartolomeu\u201d Novena Sf. Ana IV. 20 Iunie \u2013 Duminic\u0103 Novena [&hellip;]<\/p>\n","protected":false},"author":1,"featured_media":0,"parent":0,"menu_order":0,"comment_status":"closed","ping_status":"closed","template":"","meta":{"footnotes":""},"_links":{"self":[{"href":"https:\/\/www.nicolaos.ro\/nagypeleske\/wp-json\/wp\/v2\/pages\/1547"}],"collection":[{"href":"https:\/\/www.nicolaos.ro\/nagypeleske\/wp-json\/wp\/v2\/pages"}],"about":[{"href":"https:\/\/www.nicolaos.ro\/nagypeleske\/wp-json\/wp\/v2\/types\/page"}],"author":[{"embeddable":true,"href":"https:\/\/www.nicolaos.ro\/nagypeleske\/wp-json\/wp\/v2\/users\/1"}],"replies":[{"embeddable":true,"href":"https:\/\/www.nicolaos.ro\/nagypeleske\/wp-json\/wp\/v2\/comments?post=1547"}],"version-history":[{"count":5,"href":"https:\/\/www.nicolaos.ro\/nagypeleske\/wp-json\/wp\/v2\/pages\/1547\/revisions"}],"predecessor-version":[{"id":1653,"href":"https:\/\/www.nicolaos.ro\/nagypeleske\/wp-json\/wp\/v2\/pages\/1547\/revisions\/1653"}],"wp:attachment":[{"href":"https:\/\/www.nicolaos.ro\/nagypeleske\/wp-json\/wp\/v2\/media?parent=1547"}],"curies":[{"name":"wp","href":"https:\/\/api.w.org\/{rel}","templated":true}]}}