{"id":2343,"date":"2025-04-10T16:05:05","date_gmt":"2025-04-10T16:05:05","guid":{"rendered":"https:\/\/www.nicolaos.ro\/szatmarnemeti1\/?page_id=2343"},"modified":"2026-03-30T05:03:50","modified_gmt":"2026-03-30T05:03:50","slug":"aktualis-liturgikus-rend","status":"publish","type":"page","link":"https:\/\/www.nicolaos.ro\/szatmarnemeti1\/aktualis-liturgikus-rend","title":{"rendered":"AKTU\u00c1LIS liturgikus rend"},"content":{"rendered":"<p><img loading=\"lazy\" decoding=\"async\" class=\"size-full wp-image-3089 aligncenter\" src=\"https:\/\/www.nicolaos.ro\/szatmarnemeti1\/wp-content\/uploads\/2026\/03\/14-het-Szertartasok-rendje-20260330-20260405-1.jpg\" alt=\"\" width=\"1654\" height=\"2339\" srcset=\"https:\/\/www.nicolaos.ro\/szatmarnemeti1\/wp-content\/uploads\/2026\/03\/14-het-Szertartasok-rendje-20260330-20260405-1.jpg 1654w, https:\/\/www.nicolaos.ro\/szatmarnemeti1\/wp-content\/uploads\/2026\/03\/14-het-Szertartasok-rendje-20260330-20260405-1-768x1086.jpg 768w, https:\/\/www.nicolaos.ro\/szatmarnemeti1\/wp-content\/uploads\/2026\/03\/14-het-Szertartasok-rendje-20260330-20260405-1-1086x1536.jpg 1086w, https:\/\/www.nicolaos.ro\/szatmarnemeti1\/wp-content\/uploads\/2026\/03\/14-het-Szertartasok-rendje-20260330-20260405-1-1448x2048.jpg 1448w, https:\/\/www.nicolaos.ro\/szatmarnemeti1\/wp-content\/uploads\/2026\/03\/14-het-Szertartasok-rendje-20260330-20260405-1-600x848.jpg 600w\" sizes=\"auto, (max-width: 1654px) 100vw, 1654px\" \/><\/p>\n","protected":false},"excerpt":{"rendered":"","protected":false},"author":2,"featured_media":0,"parent":0,"menu_order":0,"comment_status":"closed","ping_status":"closed","template":"","meta":{"footnotes":""},"class_list":["post-2343","page","type-page","status-publish","hentry"],"yoast_head":"<!-- This site is optimized with the Yoast SEO plugin v25.5 - https:\/\/yoast.com\/wordpress\/plugins\/seo\/ -->\n<title>AKTU\u00c1LIS liturgikus rend - Szatm\u00e1rn\u00e9meti<\/title>\n<meta name=\"robots\" content=\"index, follow, max-snippet:-1, max-image-preview:large, max-video-preview:-1\" \/>\n<link rel=\"canonical\" href=\"https:\/\/www.nicolaos.ro\/szatmarnemeti1\/aktualis-liturgikus-rend\" \/>\n<meta property=\"og:locale\" content=\"hu_HU\" \/>\n<meta property=\"og:type\" content=\"article\" \/>\n<meta property=\"og:title\" content=\"AKTU\u00c1LIS liturgikus rend - Szatm\u00e1rn\u00e9meti\" \/>\n<meta property=\"og:url\" content=\"https:\/\/www.nicolaos.ro\/szatmarnemeti1\/aktualis-liturgikus-rend\" \/>\n<meta property=\"og:site_name\" content=\"Szatm\u00e1rn\u00e9meti\" \/>\n<meta property=\"article:modified_time\" content=\"2026-03-30T05:03:50+00:00\" \/>\n<meta property=\"og:image\" content=\"https:\/\/www.nicolaos.ro\/szatmarnemeti1\/wp-content\/uploads\/2026\/03\/14-het-Szertartasok-rendje-20260330-20260405-1.jpg\" \/>\n\t<meta property=\"og:image:width\" content=\"1654\" \/>\n\t<meta property=\"og:image:height\" content=\"2339\" \/>\n\t<meta property=\"og:image:type\" content=\"image\/jpeg\" \/>\n<meta name=\"twitter:card\" content=\"summary_large_image\" \/>\n<meta name=\"twitter:label1\" content=\"Becs\u00fclt olvas\u00e1si id\u0151\" \/>\n\t<meta name=\"twitter:data1\" content=\"1 perc\" \/>\n<script type=\"application\/ld+json\" class=\"yoast-schema-graph\">{\"@context\":\"https:\/\/schema.org\",\"@graph\":[{\"@type\":\"WebPage\",\"@id\":\"https:\/\/www.nicolaos.ro\/szatmarnemeti1\/aktualis-liturgikus-rend\",\"url\":\"https:\/\/www.nicolaos.ro\/szatmarnemeti1\/aktualis-liturgikus-rend\",\"name\":\"AKTU\u00c1LIS liturgikus rend - Szatm\u00e1rn\u00e9meti\",\"isPartOf\":{\"@id\":\"https:\/\/www.nicolaos.ro\/szatmarnemeti1\/#website\"},\"primaryImageOfPage\":{\"@id\":\"https:\/\/www.nicolaos.ro\/szatmarnemeti1\/aktualis-liturgikus-rend#primaryimage\"},\"image\":{\"@id\":\"https:\/\/www.nicolaos.ro\/szatmarnemeti1\/aktualis-liturgikus-rend#primaryimage\"},\"thumbnailUrl\":\"https:\/\/www.nicolaos.ro\/szatmarnemeti1\/wp-content\/uploads\/2026\/03\/14-het-Szertartasok-rendje-20260330-20260405-1.jpg\",\"datePublished\":\"2025-04-10T16:05:05+00:00\",\"dateModified\":\"2026-03-30T05:03:50+00:00\",\"breadcrumb\":{\"@id\":\"https:\/\/www.nicolaos.ro\/szatmarnemeti1\/aktualis-liturgikus-rend#breadcrumb\"},\"inLanguage\":\"hu\",\"potentialAction\":[{\"@type\":\"ReadAction\",\"target\":[\"https:\/\/www.nicolaos.ro\/szatmarnemeti1\/aktualis-liturgikus-rend\"]}]},{\"@type\":\"ImageObject\",\"inLanguage\":\"hu\",\"@id\":\"https:\/\/www.nicolaos.ro\/szatmarnemeti1\/aktualis-liturgikus-rend#primaryimage\",\"url\":\"https:\/\/www.nicolaos.ro\/szatmarnemeti1\/wp-content\/uploads\/2026\/03\/14-het-Szertartasok-rendje-20260330-20260405-1.jpg\",\"contentUrl\":\"https:\/\/www.nicolaos.ro\/szatmarnemeti1\/wp-content\/uploads\/2026\/03\/14-het-Szertartasok-rendje-20260330-20260405-1.jpg\",\"width\":1654,\"height\":2339},{\"@type\":\"BreadcrumbList\",\"@id\":\"https:\/\/www.nicolaos.ro\/szatmarnemeti1\/aktualis-liturgikus-rend#breadcrumb\",\"itemListElement\":[{\"@type\":\"ListItem\",\"position\":1,\"name\":\"Kezd\u0151lap\",\"item\":\"https:\/\/www.nicolaos.ro\/szatmarnemeti1\/\"},{\"@type\":\"ListItem\",\"position\":2,\"name\":\"AKTU\u00c1LIS liturgikus rend\"}]},{\"@type\":\"WebSite\",\"@id\":\"https:\/\/www.nicolaos.ro\/szatmarnemeti1\/#website\",\"url\":\"https:\/\/www.nicolaos.ro\/szatmarnemeti1\/\",\"name\":\"Szatm\u00e1rn\u00e9meti\",\"description\":\"\",\"potentialAction\":[{\"@type\":\"SearchAction\",\"target\":{\"@type\":\"EntryPoint\",\"urlTemplate\":\"https:\/\/www.nicolaos.ro\/szatmarnemeti1\/?s={search_term_string}\"},\"query-input\":{\"@type\":\"PropertyValueSpecification\",\"valueRequired\":true,\"valueName\":\"search_term_string\"}}],\"inLanguage\":\"hu\"}]}<\/script>\n<!-- \/ Yoast SEO plugin. -->","yoast_head_json":{"title":"AKTU\u00c1LIS liturgikus rend - Szatm\u00e1rn\u00e9meti","robots":{"index":"index","follow":"follow","max-snippet":"max-snippet:-1","max-image-preview":"max-image-preview:large","max-video-preview":"max-video-preview:-1"},"canonical":"https:\/\/www.nicolaos.ro\/szatmarnemeti1\/aktualis-liturgikus-rend","og_locale":"hu_HU","og_type":"article","og_title":"AKTU\u00c1LIS liturgikus rend - Szatm\u00e1rn\u00e9meti","og_url":"https:\/\/www.nicolaos.ro\/szatmarnemeti1\/aktualis-liturgikus-rend","og_site_name":"Szatm\u00e1rn\u00e9meti","article_modified_time":"2026-03-30T05:03:50+00:00","og_image":[{"width":1654,"height":2339,"url":"https:\/\/www.nicolaos.ro\/szatmarnemeti1\/wp-content\/uploads\/2026\/03\/14-het-Szertartasok-rendje-20260330-20260405-1.jpg","type":"image\/jpeg"}],"twitter_card":"summary_large_image","twitter_misc":{"Becs\u00fclt olvas\u00e1si id\u0151":"1 perc"},"schema":{"@context":"https:\/\/schema.org","@graph":[{"@type":"WebPage","@id":"https:\/\/www.nicolaos.ro\/szatmarnemeti1\/aktualis-liturgikus-rend","url":"https:\/\/www.nicolaos.ro\/szatmarnemeti1\/aktualis-liturgikus-rend","name":"AKTU\u00c1LIS liturgikus rend - Szatm\u00e1rn\u00e9meti","isPartOf":{"@id":"https:\/\/www.nicolaos.ro\/szatmarnemeti1\/#website"},"primaryImageOfPage":{"@id":"https:\/\/www.nicolaos.ro\/szatmarnemeti1\/aktualis-liturgikus-rend#primaryimage"},"image":{"@id":"https:\/\/www.nicolaos.ro\/szatmarnemeti1\/aktualis-liturgikus-rend#primaryimage"},"thumbnailUrl":"https:\/\/www.nicolaos.ro\/szatmarnemeti1\/wp-content\/uploads\/2026\/03\/14-het-Szertartasok-rendje-20260330-20260405-1.jpg","datePublished":"2025-04-10T16:05:05+00:00","dateModified":"2026-03-30T05:03:50+00:00","breadcrumb":{"@id":"https:\/\/www.nicolaos.ro\/szatmarnemeti1\/aktualis-liturgikus-rend#breadcrumb"},"inLanguage":"hu","potentialAction":[{"@type":"ReadAction","target":["https:\/\/www.nicolaos.ro\/szatmarnemeti1\/aktualis-liturgikus-rend"]}]},{"@type":"ImageObject","inLanguage":"hu","@id":"https:\/\/www.nicolaos.ro\/szatmarnemeti1\/aktualis-liturgikus-rend#primaryimage","url":"https:\/\/www.nicolaos.ro\/szatmarnemeti1\/wp-content\/uploads\/2026\/03\/14-het-Szertartasok-rendje-20260330-20260405-1.jpg","contentUrl":"https:\/\/www.nicolaos.ro\/szatmarnemeti1\/wp-content\/uploads\/2026\/03\/14-het-Szertartasok-rendje-20260330-20260405-1.jpg","width":1654,"height":2339},{"@type":"BreadcrumbList","@id":"https:\/\/www.nicolaos.ro\/szatmarnemeti1\/aktualis-liturgikus-rend#breadcrumb","itemListElement":[{"@type":"ListItem","position":1,"name":"Kezd\u0151lap","item":"https:\/\/www.nicolaos.ro\/szatmarnemeti1\/"},{"@type":"ListItem","position":2,"name":"AKTU\u00c1LIS liturgikus rend"}]},{"@type":"WebSite","@id":"https:\/\/www.nicolaos.ro\/szatmarnemeti1\/#website","url":"https:\/\/www.nicolaos.ro\/szatmarnemeti1\/","name":"Szatm\u00e1rn\u00e9meti","description":"","potentialAction":[{"@type":"SearchAction","target":{"@type":"EntryPoint","urlTemplate":"https:\/\/www.nicolaos.ro\/szatmarnemeti1\/?s={search_term_string}"},"query-input":{"@type":"PropertyValueSpecification","valueRequired":true,"valueName":"search_term_string"}}],"inLanguage":"hu"}]}},"_links":{"self":[{"href":"https:\/\/www.nicolaos.ro\/szatmarnemeti1\/wp-json\/wp\/v2\/pages\/2343","targetHints":{"allow":["GET"]}}],"collection":[{"href":"https:\/\/www.nicolaos.ro\/szatmarnemeti1\/wp-json\/wp\/v2\/pages"}],"about":[{"href":"https:\/\/www.nicolaos.ro\/szatmarnemeti1\/wp-json\/wp\/v2\/types\/page"}],"author":[{"embeddable":true,"href":"https:\/\/www.nicolaos.ro\/szatmarnemeti1\/wp-json\/wp\/v2\/users\/2"}],"replies":[{"embeddable":true,"href":"https:\/\/www.nicolaos.ro\/szatmarnemeti1\/wp-json\/wp\/v2\/comments?post=2343"}],"version-history":[{"count":44,"href":"https:\/\/www.nicolaos.ro\/szatmarnemeti1\/wp-json\/wp\/v2\/pages\/2343\/revisions"}],"predecessor-version":[{"id":3090,"href":"https:\/\/www.nicolaos.ro\/szatmarnemeti1\/wp-json\/wp\/v2\/pages\/2343\/revisions\/3090"}],"wp:attachment":[{"href":"https:\/\/www.nicolaos.ro\/szatmarnemeti1\/wp-json\/wp\/v2\/media?parent=2343"}],"curies":[{"name":"wp","href":"https:\/\/api.w.org\/{rel}","templated":true}]}}