{"id":2521,"date":"2025-04-10T19:53:36","date_gmt":"2025-04-10T19:53:36","guid":{"rendered":"https:\/\/www.nicolaos.ro\/szatmarnemeti1\/?page_id=2521"},"modified":"2026-03-30T05:03:01","modified_gmt":"2026-03-30T05:03:01","slug":"elmult-hetek-liturgikus-rendje","status":"publish","type":"page","link":"https:\/\/www.nicolaos.ro\/szatmarnemeti1\/elmult-hetek-liturgikus-rendje","title":{"rendered":"Elm\u00falt hetek liturgikus rendje"},"content":{"rendered":"<p style=\"text-align: center;\"><a href=\"https:\/\/www.nicolaos.ro\/szatmarnemeti1\/wp-content\/uploads\/2026\/03\/13-het-Szertartasok-rendje-20260323-20260329.pdf\">13 het Szertartasok rendje 20260323 20260329<\/a><\/p>\n<p style=\"text-align: center;\"><a href=\"https:\/\/www.nicolaos.ro\/szatmarnemeti1\/wp-content\/uploads\/2026\/03\/12-het-Szertartasok-rendje-20260316-20260322.pdf\">12 het Szertartasok rendje 20260316 20260322<\/a><\/p>\n<p style=\"text-align: center;\"><a href=\"https:\/\/www.nicolaos.ro\/szatmarnemeti1\/wp-content\/uploads\/2026\/03\/11-het-Szertartasok-rendje-20260309-20260315.pdf\">11 het Szertartasok rendje 20260309 20260315<\/a><\/p>\n<p style=\"text-align: center;\"><a href=\"https:\/\/www.nicolaos.ro\/szatmarnemeti1\/wp-content\/uploads\/2026\/03\/10-het-Szertartasok-rendje-20260302-20260308.pdf\">10 het Szertartasok rendje 20260302 20260308<\/a><\/p>\n<p style=\"text-align: center;\"><a href=\"https:\/\/www.nicolaos.ro\/szatmarnemeti1\/wp-content\/uploads\/2026\/03\/09-het-Szertartasok-rendje-20260223-20260301.pdf\">09 het Szertartasok rendje 20260223 20260301<\/a><\/p>\n<p style=\"text-align: center;\"><a href=\"https:\/\/www.nicolaos.ro\/szatmarnemeti1\/wp-content\/uploads\/2026\/03\/08-het-Szertartasok-rendje-20260216-20260222.pdf\">08 het Szertartasok rendje 20260216 20260222<\/a><\/p>\n<p style=\"text-align: center;\"><a href=\"https:\/\/www.nicolaos.ro\/szatmarnemeti1\/wp-content\/uploads\/2026\/03\/07-het-Szertartasok-rendje-20260209-20260215.pdf\">07 het Szertartasok rendje 20260209 20260215<\/a><\/p>\n<p style=\"text-align: center;\"><a href=\"https:\/\/www.nicolaos.ro\/szatmarnemeti1\/wp-content\/uploads\/2026\/02\/06-het-Szertartasok-rendje-20260202-20260208.pdf\">06 het Szertartasok rendje 20260202 20260208<\/a><\/p>\n<p style=\"text-align: center;\"><a href=\"https:\/\/www.nicolaos.ro\/szatmarnemeti1\/wp-content\/uploads\/2026\/01\/05-het-Szertartasok-rendje-20260126-20260201.pdf\">05 het Szertartasok rendje 20260126 20260201<\/a><\/p>\n<p style=\"text-align: center;\"><a href=\"https:\/\/www.nicolaos.ro\/szatmarnemeti1\/wp-content\/uploads\/2026\/01\/04-het-Szertartasok-rendje-20260119-20260125.pdf\">04 het Szertartasok rendje 20260119 20260125<\/a><\/p>\n<p style=\"text-align: center;\"><a href=\"https:\/\/www.nicolaos.ro\/szatmarnemeti1\/wp-content\/uploads\/2026\/01\/03-het-Szertartasok-rendje-20260112-20260118.pdf\">03 het Szertartasok rendje 20260112 20260118<\/a><\/p>\n<p style=\"text-align: center;\"><a href=\"https:\/\/www.nicolaos.ro\/szatmarnemeti1\/wp-content\/uploads\/2026\/01\/02-het-Szertartasok-rendje-20260105-20260111.pdf\">02 het Szertartasok rendje 20260105 20260111<\/a><\/p>\n<p style=\"text-align: center;\"><a href=\"https:\/\/www.nicolaos.ro\/szatmarnemeti1\/wp-content\/uploads\/2025\/12\/01-het-Szertartasok-rendje-20251229-20260104.pdf\">01 het Szertartasok rendje 20251229 20260104<\/a><\/p>\n","protected":false},"excerpt":{"rendered":"<p>13 het Szertartasok rendje 20260323 20260329 12 het Szertartasok rendje 20260316 20260322 11 het Szertartasok rendje 20260309 20260315 10 het Szertartasok rendje 20260302 20260308 09 het Szertartasok rendje 20260223 20260301 08 het Szertartasok rendje 20260216 20260222 07 het Szertartasok rendje 20260209 20260215 06 het Szertartasok rendje 20260202 20260208 05 het Szertartasok rendje 20260126 20260201 04 [&hellip;]<\/p>\n","protected":false},"author":2,"featured_media":0,"parent":0,"menu_order":0,"comment_status":"closed","ping_status":"closed","template":"","meta":{"footnotes":""},"class_list":["post-2521","page","type-page","status-publish","hentry"],"yoast_head":"<!-- This site is optimized with the Yoast SEO plugin v25.5 - https:\/\/yoast.com\/wordpress\/plugins\/seo\/ -->\n<title>Elm\u00falt hetek liturgikus rendje - Szatm\u00e1rn\u00e9meti<\/title>\n<meta name=\"robots\" content=\"index, follow, max-snippet:-1, max-image-preview:large, max-video-preview:-1\" \/>\n<link rel=\"canonical\" href=\"https:\/\/www.nicolaos.ro\/szatmarnemeti1\/elmult-hetek-liturgikus-rendje\" \/>\n<meta property=\"og:locale\" content=\"hu_HU\" \/>\n<meta property=\"og:type\" content=\"article\" \/>\n<meta property=\"og:title\" content=\"Elm\u00falt hetek liturgikus rendje - Szatm\u00e1rn\u00e9meti\" \/>\n<meta property=\"og:description\" content=\"13 het Szertartasok rendje 20260323 20260329 12 het Szertartasok rendje 20260316 20260322 11 het Szertartasok rendje 20260309 20260315 10 het Szertartasok rendje 20260302 20260308 09 het Szertartasok rendje 20260223 20260301 08 het Szertartasok rendje 20260216 20260222 07 het Szertartasok rendje 20260209 20260215 06 het Szertartasok rendje 20260202 20260208 05 het Szertartasok rendje 20260126 20260201 04 [&hellip;]\" \/>\n<meta property=\"og:url\" content=\"https:\/\/www.nicolaos.ro\/szatmarnemeti1\/elmult-hetek-liturgikus-rendje\" \/>\n<meta property=\"og:site_name\" content=\"Szatm\u00e1rn\u00e9meti\" \/>\n<meta property=\"article:modified_time\" content=\"2026-03-30T05:03:01+00:00\" \/>\n<meta name=\"twitter:card\" content=\"summary_large_image\" \/>\n<meta name=\"twitter:label1\" content=\"Becs\u00fclt olvas\u00e1si id\u0151\" \/>\n\t<meta name=\"twitter:data1\" content=\"1 perc\" \/>\n<script type=\"application\/ld+json\" class=\"yoast-schema-graph\">{\"@context\":\"https:\/\/schema.org\",\"@graph\":[{\"@type\":\"WebPage\",\"@id\":\"https:\/\/www.nicolaos.ro\/szatmarnemeti1\/elmult-hetek-liturgikus-rendje\",\"url\":\"https:\/\/www.nicolaos.ro\/szatmarnemeti1\/elmult-hetek-liturgikus-rendje\",\"name\":\"Elm\u00falt hetek liturgikus rendje - Szatm\u00e1rn\u00e9meti\",\"isPartOf\":{\"@id\":\"https:\/\/www.nicolaos.ro\/szatmarnemeti1\/#website\"},\"datePublished\":\"2025-04-10T19:53:36+00:00\",\"dateModified\":\"2026-03-30T05:03:01+00:00\",\"breadcrumb\":{\"@id\":\"https:\/\/www.nicolaos.ro\/szatmarnemeti1\/elmult-hetek-liturgikus-rendje#breadcrumb\"},\"inLanguage\":\"hu\",\"potentialAction\":[{\"@type\":\"ReadAction\",\"target\":[\"https:\/\/www.nicolaos.ro\/szatmarnemeti1\/elmult-hetek-liturgikus-rendje\"]}]},{\"@type\":\"BreadcrumbList\",\"@id\":\"https:\/\/www.nicolaos.ro\/szatmarnemeti1\/elmult-hetek-liturgikus-rendje#breadcrumb\",\"itemListElement\":[{\"@type\":\"ListItem\",\"position\":1,\"name\":\"Kezd\u0151lap\",\"item\":\"https:\/\/www.nicolaos.ro\/szatmarnemeti1\/\"},{\"@type\":\"ListItem\",\"position\":2,\"name\":\"Elm\u00falt hetek liturgikus rendje\"}]},{\"@type\":\"WebSite\",\"@id\":\"https:\/\/www.nicolaos.ro\/szatmarnemeti1\/#website\",\"url\":\"https:\/\/www.nicolaos.ro\/szatmarnemeti1\/\",\"name\":\"Szatm\u00e1rn\u00e9meti\",\"description\":\"\",\"potentialAction\":[{\"@type\":\"SearchAction\",\"target\":{\"@type\":\"EntryPoint\",\"urlTemplate\":\"https:\/\/www.nicolaos.ro\/szatmarnemeti1\/?s={search_term_string}\"},\"query-input\":{\"@type\":\"PropertyValueSpecification\",\"valueRequired\":true,\"valueName\":\"search_term_string\"}}],\"inLanguage\":\"hu\"}]}<\/script>\n<!-- \/ Yoast SEO plugin. -->","yoast_head_json":{"title":"Elm\u00falt hetek liturgikus rendje - Szatm\u00e1rn\u00e9meti","robots":{"index":"index","follow":"follow","max-snippet":"max-snippet:-1","max-image-preview":"max-image-preview:large","max-video-preview":"max-video-preview:-1"},"canonical":"https:\/\/www.nicolaos.ro\/szatmarnemeti1\/elmult-hetek-liturgikus-rendje","og_locale":"hu_HU","og_type":"article","og_title":"Elm\u00falt hetek liturgikus rendje - Szatm\u00e1rn\u00e9meti","og_description":"13 het Szertartasok rendje 20260323 20260329 12 het Szertartasok rendje 20260316 20260322 11 het Szertartasok rendje 20260309 20260315 10 het Szertartasok rendje 20260302 20260308 09 het Szertartasok rendje 20260223 20260301 08 het Szertartasok rendje 20260216 20260222 07 het Szertartasok rendje 20260209 20260215 06 het Szertartasok rendje 20260202 20260208 05 het Szertartasok rendje 20260126 20260201 04 [&hellip;]","og_url":"https:\/\/www.nicolaos.ro\/szatmarnemeti1\/elmult-hetek-liturgikus-rendje","og_site_name":"Szatm\u00e1rn\u00e9meti","article_modified_time":"2026-03-30T05:03:01+00:00","twitter_card":"summary_large_image","twitter_misc":{"Becs\u00fclt olvas\u00e1si id\u0151":"1 perc"},"schema":{"@context":"https:\/\/schema.org","@graph":[{"@type":"WebPage","@id":"https:\/\/www.nicolaos.ro\/szatmarnemeti1\/elmult-hetek-liturgikus-rendje","url":"https:\/\/www.nicolaos.ro\/szatmarnemeti1\/elmult-hetek-liturgikus-rendje","name":"Elm\u00falt hetek liturgikus rendje - Szatm\u00e1rn\u00e9meti","isPartOf":{"@id":"https:\/\/www.nicolaos.ro\/szatmarnemeti1\/#website"},"datePublished":"2025-04-10T19:53:36+00:00","dateModified":"2026-03-30T05:03:01+00:00","breadcrumb":{"@id":"https:\/\/www.nicolaos.ro\/szatmarnemeti1\/elmult-hetek-liturgikus-rendje#breadcrumb"},"inLanguage":"hu","potentialAction":[{"@type":"ReadAction","target":["https:\/\/www.nicolaos.ro\/szatmarnemeti1\/elmult-hetek-liturgikus-rendje"]}]},{"@type":"BreadcrumbList","@id":"https:\/\/www.nicolaos.ro\/szatmarnemeti1\/elmult-hetek-liturgikus-rendje#breadcrumb","itemListElement":[{"@type":"ListItem","position":1,"name":"Kezd\u0151lap","item":"https:\/\/www.nicolaos.ro\/szatmarnemeti1\/"},{"@type":"ListItem","position":2,"name":"Elm\u00falt hetek liturgikus rendje"}]},{"@type":"WebSite","@id":"https:\/\/www.nicolaos.ro\/szatmarnemeti1\/#website","url":"https:\/\/www.nicolaos.ro\/szatmarnemeti1\/","name":"Szatm\u00e1rn\u00e9meti","description":"","potentialAction":[{"@type":"SearchAction","target":{"@type":"EntryPoint","urlTemplate":"https:\/\/www.nicolaos.ro\/szatmarnemeti1\/?s={search_term_string}"},"query-input":{"@type":"PropertyValueSpecification","valueRequired":true,"valueName":"search_term_string"}}],"inLanguage":"hu"}]}},"_links":{"self":[{"href":"https:\/\/www.nicolaos.ro\/szatmarnemeti1\/wp-json\/wp\/v2\/pages\/2521","targetHints":{"allow":["GET"]}}],"collection":[{"href":"https:\/\/www.nicolaos.ro\/szatmarnemeti1\/wp-json\/wp\/v2\/pages"}],"about":[{"href":"https:\/\/www.nicolaos.ro\/szatmarnemeti1\/wp-json\/wp\/v2\/types\/page"}],"author":[{"embeddable":true,"href":"https:\/\/www.nicolaos.ro\/szatmarnemeti1\/wp-json\/wp\/v2\/users\/2"}],"replies":[{"embeddable":true,"href":"https:\/\/www.nicolaos.ro\/szatmarnemeti1\/wp-json\/wp\/v2\/comments?post=2521"}],"version-history":[{"count":32,"href":"https:\/\/www.nicolaos.ro\/szatmarnemeti1\/wp-json\/wp\/v2\/pages\/2521\/revisions"}],"predecessor-version":[{"id":3088,"href":"https:\/\/www.nicolaos.ro\/szatmarnemeti1\/wp-json\/wp\/v2\/pages\/2521\/revisions\/3088"}],"wp:attachment":[{"href":"https:\/\/www.nicolaos.ro\/szatmarnemeti1\/wp-json\/wp\/v2\/media?parent=2521"}],"curies":[{"name":"wp","href":"https:\/\/api.w.org\/{rel}","templated":true}]}}