{"id":2541,"date":"2025-04-10T20:42:21","date_gmt":"2025-04-10T20:42:21","guid":{"rendered":"https:\/\/www.nicolaos.ro\/szatmarnemeti1\/?page_id=2541"},"modified":"2025-04-10T20:46:02","modified_gmt":"2025-04-10T20:46:02","slug":"unnepeink-2","status":"publish","type":"page","link":"https:\/\/www.nicolaos.ro\/szatmarnemeti1\/unnepeink-2","title":{"rendered":"\u00dcnnepeink"},"content":{"rendered":"<table style=\"height: 1689px;\" width=\"1591\">\n<tbody>\n<tr>\n<td width=\"229\">Szeptember<\/td>\n<td width=\"429\">8. Az Istensz\u00fcl\u0151 sz\u00fclet\u00e9se \u2013 Kisboldogasszony<\/p>\n<p>14. A Szent Kereszt felmagasztal\u00e1sa<\/td>\n<\/tr>\n<tr>\n<td width=\"229\">Okt\u00f3ber<\/td>\n<td width=\"429\">1. Az Istensz\u00fcl\u0151 oltalma<\/td>\n<\/tr>\n<tr>\n<td width=\"229\">November<\/td>\n<td width=\"429\">8. Szent Mih\u00e1ly \u00e9s G\u00e1bor f\u0151angyalok<\/p>\n<p>21. Az Istensz\u00fcl\u0151 templomba vezet\u00e9se<\/td>\n<\/tr>\n<tr>\n<td width=\"229\">December<\/td>\n<td width=\"429\">6. Szent Mikl\u00f3s p\u00fcsp\u00f6k<\/p>\n<p>9. Szent Anna csod\u00e1latos fogan\u00e1sa<\/p>\n<p>25. J\u00e9zus Krisztus sz\u00fclet\u00e9se \u2013 Kar\u00e1csony<\/p>\n<p>26. Kar\u00e1csony m\u00e1sodik napja &#8211; Sz\u0171z M\u00e1ria istenanyas\u00e1ga<\/p>\n<p>27. Kar\u00e1csony harmadik napja &#8211; Szent Istv\u00e1n f\u0151szerpap, els\u0151 v\u00e9rtan\u00fa<\/td>\n<\/tr>\n<tr>\n<td width=\"229\">Janu\u00e1r<\/td>\n<td width=\"429\">1. Urunk k\u00f6r\u00fclmet\u00e9l\u00e9se, Nagy Szent Bazil f\u0151pap -polg\u00e1ri \u00faj\u00e9v<\/p>\n<p>6. \u00darjelen\u00e9s \u2013 V\u00edzkereszt<\/p>\n<p>30. H\u00e1rom szent f\u0151pap<\/td>\n<\/tr>\n<tr>\n<td width=\"229\">Febru\u00e1r<\/td>\n<td width=\"429\">2. J\u00e9zus tal\u00e1lkoz\u00e1sa Simeonnal &#8211; Gyertyaszentel\u0151 Boldogasszony<\/td>\n<\/tr>\n<tr>\n<td width=\"229\">M\u00e1rcius<\/td>\n<td width=\"429\">25. Sz\u0171z M\u00e1ria \u00d6r\u00f6mh\u00edrv\u00e9tele &#8211; Gy\u00fcm\u00f6lcsolt\u00f3 Boldogasszony<\/td>\n<\/tr>\n<tr>\n<td width=\"229\">\u00c1prilis<\/td>\n<td width=\"429\">23. Szent Gy\u00f6rgy nagyv\u00e9rtan\u00fa<\/td>\n<\/tr>\n<tr>\n<td width=\"229\">J\u00fanius<\/td>\n<td width=\"429\">24. Keresztel\u0151 Szent J\u00e1nos sz\u00fclet\u00e9se<\/p>\n<p>29. Szent P\u00e9ter \u00e9s P\u00e1l f\u0151apostolok<\/td>\n<\/tr>\n<tr>\n<td width=\"229\">J\u00falius<\/td>\n<td width=\"429\">20. Szent Ill\u00e9s pr\u00f3f\u00e9ta<\/td>\n<\/tr>\n<tr>\n<td width=\"229\">Augusztus<\/td>\n<td width=\"429\">6. Urunk sz\u00ednev\u00e1ltoz\u00e1sa<\/p>\n<p>15. Az Istensz\u00fcl\u0151 elszendered\u00e9se \u00e9s mennybevitele &#8211; Nagyboldogasszony<\/p>\n<p>20. Szent Istv\u00e1n, Magyarorsz\u00e1g els\u0151 apostoli kir\u00e1lya<\/p>\n<p>29. Keresztel\u0151 Szent J\u00e1nos fejev\u00e9tele<\/td>\n<\/tr>\n<tr>\n<td width=\"229\"><\/td>\n<td width=\"429\">V\u00e1ltoz\u00f3 \u00fcnnepek (a h\u00fasv\u00e9t d\u00e1tum\u00e1val egy\u00fctt mozognak):<\/td>\n<\/tr>\n<tr>\n<td width=\"229\">Vir\u00e1gvas\u00e1rnap<\/td>\n<td width=\"429\">J\u00e9zus bevonul\u00e1sa Jeruzs\u00e1lembe<\/td>\n<\/tr>\n<tr>\n<td width=\"229\">Nagyp\u00e9ntek<\/td>\n<td width=\"429\">J\u00e9zus kereszthal\u00e1la<\/td>\n<\/tr>\n<tr>\n<td width=\"229\">H\u00fasv\u00e9t vas\u00e1rnap, h\u00e9tf\u0151, kedd<\/td>\n<td width=\"429\">J\u00e9zus felt\u00e1mad\u00e1sa<\/td>\n<\/tr>\n<tr>\n<td width=\"229\">\u00c1ldoz\u00f3cs\u00fct\u00f6rt\u00f6k<\/td>\n<td width=\"429\">Urunk mennybemenetele<\/td>\n<\/tr>\n<tr>\n<td width=\"229\">P\u00fcnk\u00f6sd vas\u00e1rnap<\/td>\n<td width=\"429\">Szentl\u00e9lek elj\u00f6vetele<\/td>\n<\/tr>\n<tr>\n<td width=\"229\">P\u00fcnk\u00f6sd h\u00e9tf\u0151<\/td>\n<td width=\"429\">A Szenth\u00e1roms\u00e1g \u00fcnnepe<\/td>\n<\/tr>\n<\/tbody>\n<\/table>\n","protected":false},"excerpt":{"rendered":"<p>Szeptember 8. Az Istensz\u00fcl\u0151 sz\u00fclet\u00e9se \u2013 Kisboldogasszony 14. A Szent Kereszt felmagasztal\u00e1sa Okt\u00f3ber 1. Az Istensz\u00fcl\u0151 oltalma November 8. Szent Mih\u00e1ly \u00e9s G\u00e1bor f\u0151angyalok 21. Az Istensz\u00fcl\u0151 templomba vezet\u00e9se December 6. Szent Mikl\u00f3s p\u00fcsp\u00f6k 9. Szent Anna csod\u00e1latos fogan\u00e1sa 25. J\u00e9zus Krisztus sz\u00fclet\u00e9se \u2013 Kar\u00e1csony 26. Kar\u00e1csony m\u00e1sodik napja &#8211; Sz\u0171z M\u00e1ria istenanyas\u00e1ga 27. Kar\u00e1csony [&hellip;]<\/p>\n","protected":false},"author":2,"featured_media":0,"parent":0,"menu_order":0,"comment_status":"closed","ping_status":"closed","template":"","meta":{"footnotes":""},"class_list":["post-2541","page","type-page","status-publish","hentry"],"yoast_head":"<!-- This site is optimized with the Yoast SEO plugin v25.5 - https:\/\/yoast.com\/wordpress\/plugins\/seo\/ -->\n<title>\u00dcnnepeink - Szatm\u00e1rn\u00e9meti<\/title>\n<meta name=\"robots\" content=\"index, follow, max-snippet:-1, max-image-preview:large, max-video-preview:-1\" \/>\n<link rel=\"canonical\" href=\"https:\/\/www.nicolaos.ro\/szatmarnemeti1\/unnepeink-2\" \/>\n<meta property=\"og:locale\" content=\"hu_HU\" \/>\n<meta property=\"og:type\" content=\"article\" \/>\n<meta property=\"og:title\" content=\"\u00dcnnepeink - Szatm\u00e1rn\u00e9meti\" \/>\n<meta property=\"og:description\" content=\"Szeptember 8. Az Istensz\u00fcl\u0151 sz\u00fclet\u00e9se \u2013 Kisboldogasszony 14. A Szent Kereszt felmagasztal\u00e1sa Okt\u00f3ber 1. Az Istensz\u00fcl\u0151 oltalma November 8. Szent Mih\u00e1ly \u00e9s G\u00e1bor f\u0151angyalok 21. Az Istensz\u00fcl\u0151 templomba vezet\u00e9se December 6. Szent Mikl\u00f3s p\u00fcsp\u00f6k 9. Szent Anna csod\u00e1latos fogan\u00e1sa 25. J\u00e9zus Krisztus sz\u00fclet\u00e9se \u2013 Kar\u00e1csony 26. Kar\u00e1csony m\u00e1sodik napja &#8211; Sz\u0171z M\u00e1ria istenanyas\u00e1ga 27. Kar\u00e1csony [&hellip;]\" \/>\n<meta property=\"og:url\" content=\"https:\/\/www.nicolaos.ro\/szatmarnemeti1\/unnepeink-2\" \/>\n<meta property=\"og:site_name\" content=\"Szatm\u00e1rn\u00e9meti\" \/>\n<meta property=\"article:modified_time\" content=\"2025-04-10T20:46:02+00:00\" \/>\n<meta name=\"twitter:card\" content=\"summary_large_image\" \/>\n<meta name=\"twitter:label1\" content=\"Becs\u00fclt olvas\u00e1si id\u0151\" \/>\n\t<meta name=\"twitter:data1\" content=\"1 perc\" \/>\n<script type=\"application\/ld+json\" class=\"yoast-schema-graph\">{\"@context\":\"https:\/\/schema.org\",\"@graph\":[{\"@type\":\"WebPage\",\"@id\":\"https:\/\/www.nicolaos.ro\/szatmarnemeti1\/unnepeink-2\",\"url\":\"https:\/\/www.nicolaos.ro\/szatmarnemeti1\/unnepeink-2\",\"name\":\"\u00dcnnepeink - Szatm\u00e1rn\u00e9meti\",\"isPartOf\":{\"@id\":\"https:\/\/www.nicolaos.ro\/szatmarnemeti1\/#website\"},\"datePublished\":\"2025-04-10T20:42:21+00:00\",\"dateModified\":\"2025-04-10T20:46:02+00:00\",\"breadcrumb\":{\"@id\":\"https:\/\/www.nicolaos.ro\/szatmarnemeti1\/unnepeink-2#breadcrumb\"},\"inLanguage\":\"hu\",\"potentialAction\":[{\"@type\":\"ReadAction\",\"target\":[\"https:\/\/www.nicolaos.ro\/szatmarnemeti1\/unnepeink-2\"]}]},{\"@type\":\"BreadcrumbList\",\"@id\":\"https:\/\/www.nicolaos.ro\/szatmarnemeti1\/unnepeink-2#breadcrumb\",\"itemListElement\":[{\"@type\":\"ListItem\",\"position\":1,\"name\":\"Kezd\u0151lap\",\"item\":\"https:\/\/www.nicolaos.ro\/szatmarnemeti1\/\"},{\"@type\":\"ListItem\",\"position\":2,\"name\":\"\u00dcnnepeink\"}]},{\"@type\":\"WebSite\",\"@id\":\"https:\/\/www.nicolaos.ro\/szatmarnemeti1\/#website\",\"url\":\"https:\/\/www.nicolaos.ro\/szatmarnemeti1\/\",\"name\":\"Szatm\u00e1rn\u00e9meti\",\"description\":\"\",\"potentialAction\":[{\"@type\":\"SearchAction\",\"target\":{\"@type\":\"EntryPoint\",\"urlTemplate\":\"https:\/\/www.nicolaos.ro\/szatmarnemeti1\/?s={search_term_string}\"},\"query-input\":{\"@type\":\"PropertyValueSpecification\",\"valueRequired\":true,\"valueName\":\"search_term_string\"}}],\"inLanguage\":\"hu\"}]}<\/script>\n<!-- \/ Yoast SEO plugin. -->","yoast_head_json":{"title":"\u00dcnnepeink - Szatm\u00e1rn\u00e9meti","robots":{"index":"index","follow":"follow","max-snippet":"max-snippet:-1","max-image-preview":"max-image-preview:large","max-video-preview":"max-video-preview:-1"},"canonical":"https:\/\/www.nicolaos.ro\/szatmarnemeti1\/unnepeink-2","og_locale":"hu_HU","og_type":"article","og_title":"\u00dcnnepeink - Szatm\u00e1rn\u00e9meti","og_description":"Szeptember 8. Az Istensz\u00fcl\u0151 sz\u00fclet\u00e9se \u2013 Kisboldogasszony 14. A Szent Kereszt felmagasztal\u00e1sa Okt\u00f3ber 1. Az Istensz\u00fcl\u0151 oltalma November 8. Szent Mih\u00e1ly \u00e9s G\u00e1bor f\u0151angyalok 21. Az Istensz\u00fcl\u0151 templomba vezet\u00e9se December 6. Szent Mikl\u00f3s p\u00fcsp\u00f6k 9. Szent Anna csod\u00e1latos fogan\u00e1sa 25. J\u00e9zus Krisztus sz\u00fclet\u00e9se \u2013 Kar\u00e1csony 26. Kar\u00e1csony m\u00e1sodik napja &#8211; Sz\u0171z M\u00e1ria istenanyas\u00e1ga 27. Kar\u00e1csony [&hellip;]","og_url":"https:\/\/www.nicolaos.ro\/szatmarnemeti1\/unnepeink-2","og_site_name":"Szatm\u00e1rn\u00e9meti","article_modified_time":"2025-04-10T20:46:02+00:00","twitter_card":"summary_large_image","twitter_misc":{"Becs\u00fclt olvas\u00e1si id\u0151":"1 perc"},"schema":{"@context":"https:\/\/schema.org","@graph":[{"@type":"WebPage","@id":"https:\/\/www.nicolaos.ro\/szatmarnemeti1\/unnepeink-2","url":"https:\/\/www.nicolaos.ro\/szatmarnemeti1\/unnepeink-2","name":"\u00dcnnepeink - Szatm\u00e1rn\u00e9meti","isPartOf":{"@id":"https:\/\/www.nicolaos.ro\/szatmarnemeti1\/#website"},"datePublished":"2025-04-10T20:42:21+00:00","dateModified":"2025-04-10T20:46:02+00:00","breadcrumb":{"@id":"https:\/\/www.nicolaos.ro\/szatmarnemeti1\/unnepeink-2#breadcrumb"},"inLanguage":"hu","potentialAction":[{"@type":"ReadAction","target":["https:\/\/www.nicolaos.ro\/szatmarnemeti1\/unnepeink-2"]}]},{"@type":"BreadcrumbList","@id":"https:\/\/www.nicolaos.ro\/szatmarnemeti1\/unnepeink-2#breadcrumb","itemListElement":[{"@type":"ListItem","position":1,"name":"Kezd\u0151lap","item":"https:\/\/www.nicolaos.ro\/szatmarnemeti1\/"},{"@type":"ListItem","position":2,"name":"\u00dcnnepeink"}]},{"@type":"WebSite","@id":"https:\/\/www.nicolaos.ro\/szatmarnemeti1\/#website","url":"https:\/\/www.nicolaos.ro\/szatmarnemeti1\/","name":"Szatm\u00e1rn\u00e9meti","description":"","potentialAction":[{"@type":"SearchAction","target":{"@type":"EntryPoint","urlTemplate":"https:\/\/www.nicolaos.ro\/szatmarnemeti1\/?s={search_term_string}"},"query-input":{"@type":"PropertyValueSpecification","valueRequired":true,"valueName":"search_term_string"}}],"inLanguage":"hu"}]}},"_links":{"self":[{"href":"https:\/\/www.nicolaos.ro\/szatmarnemeti1\/wp-json\/wp\/v2\/pages\/2541","targetHints":{"allow":["GET"]}}],"collection":[{"href":"https:\/\/www.nicolaos.ro\/szatmarnemeti1\/wp-json\/wp\/v2\/pages"}],"about":[{"href":"https:\/\/www.nicolaos.ro\/szatmarnemeti1\/wp-json\/wp\/v2\/types\/page"}],"author":[{"embeddable":true,"href":"https:\/\/www.nicolaos.ro\/szatmarnemeti1\/wp-json\/wp\/v2\/users\/2"}],"replies":[{"embeddable":true,"href":"https:\/\/www.nicolaos.ro\/szatmarnemeti1\/wp-json\/wp\/v2\/comments?post=2541"}],"version-history":[{"count":6,"href":"https:\/\/www.nicolaos.ro\/szatmarnemeti1\/wp-json\/wp\/v2\/pages\/2541\/revisions"}],"predecessor-version":[{"id":2552,"href":"https:\/\/www.nicolaos.ro\/szatmarnemeti1\/wp-json\/wp\/v2\/pages\/2541\/revisions\/2552"}],"wp:attachment":[{"href":"https:\/\/www.nicolaos.ro\/szatmarnemeti1\/wp-json\/wp\/v2\/media?parent=2541"}],"curies":[{"name":"wp","href":"https:\/\/api.w.org\/{rel}","templated":true}]}}