{"id":1217,"date":"2021-03-10T13:58:49","date_gmt":"2021-03-10T13:58:49","guid":{"rendered":"https:\/\/nicolaos.ro\/szatmarnemeti1\/?post_type=product&#038;p=1217"},"modified":"2025-06-03T13:04:07","modified_gmt":"2025-06-03T13:04:07","slug":"emlekplakett","status":"publish","type":"product","link":"https:\/\/www.nicolaos.ro\/szatmarnemeti1\/termek\/emlekplakett","title":{"rendered":"A Keleti Egyh\u00e1zak Dikaszt\u00e9rium\u00e1nak lelkip\u00e1sztori seg\u00e9dlete"},"content":{"rendered":"<p><img loading=\"lazy\" decoding=\"async\" class=\"wp-image-2674 alignleft\" src=\"https:\/\/www.nicolaos.ro\/szatmarnemeti1\/wp-content\/uploads\/2025\/05\/2025os-szentev-es-a-keleti-katolikus-egyhazak-A-Keleti-Egyhazak-Dikaszteriumanak-lelkipasztori-segedlete.jpg\" alt=\"\" width=\"114\" height=\"157\" srcset=\"https:\/\/www.nicolaos.ro\/szatmarnemeti1\/wp-content\/uploads\/2025\/05\/2025os-szentev-es-a-keleti-katolikus-egyhazak-A-Keleti-Egyhazak-Dikaszteriumanak-lelkipasztori-segedlete.jpg 1311w, https:\/\/www.nicolaos.ro\/szatmarnemeti1\/wp-content\/uploads\/2025\/05\/2025os-szentev-es-a-keleti-katolikus-egyhazak-A-Keleti-Egyhazak-Dikaszteriumanak-lelkipasztori-segedlete-768x1056.jpg 768w, https:\/\/www.nicolaos.ro\/szatmarnemeti1\/wp-content\/uploads\/2025\/05\/2025os-szentev-es-a-keleti-katolikus-egyhazak-A-Keleti-Egyhazak-Dikaszteriumanak-lelkipasztori-segedlete-1117x1536.jpg 1117w\" sizes=\"auto, (max-width: 114px) 100vw, 114px\" \/><\/p>\n<div class=\"html-div xdj266r x11i5rnm xat24cr x1mh8g0r xexx8yu x4uap5 x18d9i69 xkhd6sd\" dir=\"auto\">\n<div class=\"html-div xdj266r x11i5rnm xat24cr x1mh8g0r xexx8yu x4uap5 x18d9i69 xkhd6sd\" dir=\"auto\">\n<div class=\"html-div xdj266r x11i5rnm xat24cr x1mh8g0r xexx8yu x4uap5 x18d9i69 xkhd6sd\" data-ad-rendering-role=\"story_message\">\n<div class=\"x1l90r2v x1iorvi4 x1ye3gou xn6708d\" data-ad-comet-preview=\"message\" data-ad-preview=\"message\">\n<div class=\"x78zum5 xdt5ytf xz62fqu x16ldp7u\">\n<div class=\"xu06os2 x1ok221b\">\n<div class=\"html-div xdj266r x11i5rnm xat24cr x1mh8g0r xexx8yu x4uap5 x18d9i69 xkhd6sd\">\n<div class=\"xdj266r x11i5rnm xat24cr x1mh8g0r x1vvkbs x126k92a\">\n<div dir=\"auto\">A 2025-\u00f6s Szent\u00e9v \u00e9s a Keleti Katolikus Egyh\u00e1zak lelkip\u00e1sztori seg\u00e9dlete<\/div>\n<div dir=\"auto\">Limit\u00e1lt p\u00e9ld\u00e1nysz\u00e1m<\/div>\n<\/div>\n<div class=\"x11i5rnm xat24cr x1mh8g0r x1vvkbs xtlvy1s x126k92a\">\n<div dir=\"auto\"><\/div>\n<\/div>\n<\/div>\n<\/div>\n<\/div>\n<\/div>\n<\/div>\n<\/div>\n<\/div>\n","protected":false},"excerpt":{"rendered":"<p>A 2025-\u00f6s Szent\u00e9v \u00e9s a Keleti Katolikus Egyh\u00e1zak lelkip\u00e1sztori seg\u00e9dlete Limit\u00e1lt p\u00e9ld\u00e1nysz\u00e1m<\/p>\n","protected":false},"featured_media":2813,"template":"","meta":[],"product_brand":[],"product_cat":[33,42],"product_tag":[],"class_list":{"0":"post-1217","1":"product","2":"type-product","3":"status-publish","4":"has-post-thumbnail","6":"product_cat-emlektargyak","7":"product_cat-konyvek","9":"first","10":"instock","11":"shipping-taxable","12":"purchasable","13":"product-type-simple"},"yoast_head":"<!-- This site is optimized with the Yoast SEO plugin v25.5 - https:\/\/yoast.com\/wordpress\/plugins\/seo\/ -->\n<title>A Keleti Egyh\u00e1zak Dikaszt\u00e9rium\u00e1nak lelkip\u00e1sztori seg\u00e9dlete - Szatm\u00e1rn\u00e9meti<\/title>\n<meta name=\"robots\" content=\"index, follow, max-snippet:-1, max-image-preview:large, max-video-preview:-1\" \/>\n<link rel=\"canonical\" href=\"https:\/\/www.nicolaos.ro\/szatmarnemeti1\/termek\/emlekplakett\" \/>\n<meta property=\"og:locale\" content=\"hu_HU\" \/>\n<meta property=\"og:type\" content=\"article\" \/>\n<meta property=\"og:title\" content=\"A Keleti Egyh\u00e1zak Dikaszt\u00e9rium\u00e1nak lelkip\u00e1sztori seg\u00e9dlete - Szatm\u00e1rn\u00e9meti\" \/>\n<meta property=\"og:description\" content=\"A 2025-\u00f6s Szent\u00e9v \u00e9s a Keleti Katolikus Egyh\u00e1zak lelkip\u00e1sztori seg\u00e9dlete Limit\u00e1lt p\u00e9ld\u00e1nysz\u00e1m\" \/>\n<meta property=\"og:url\" content=\"https:\/\/www.nicolaos.ro\/szatmarnemeti1\/termek\/emlekplakett\" \/>\n<meta property=\"og:site_name\" content=\"Szatm\u00e1rn\u00e9meti\" \/>\n<meta property=\"article:modified_time\" content=\"2025-06-03T13:04:07+00:00\" \/>\n<meta property=\"og:image\" content=\"https:\/\/www.nicolaos.ro\/szatmarnemeti1\/wp-content\/uploads\/2021\/03\/2025os-szentev-es-a-keleti-katolikus-egyhazak-A-Keleti-Egyhazak-Dikaszteriumanak-lelkipasztori-segedlete.jpg\" \/>\n\t<meta property=\"og:image:width\" content=\"1866\" \/>\n\t<meta property=\"og:image:height\" content=\"1867\" \/>\n\t<meta property=\"og:image:type\" content=\"image\/jpeg\" \/>\n<meta name=\"twitter:card\" content=\"summary_large_image\" \/>\n<meta name=\"twitter:label1\" content=\"Becs\u00fclt olvas\u00e1si id\u0151\" \/>\n\t<meta name=\"twitter:data1\" content=\"1 perc\" \/>\n<script type=\"application\/ld+json\" class=\"yoast-schema-graph\">{\"@context\":\"https:\/\/schema.org\",\"@graph\":[{\"@type\":\"WebPage\",\"@id\":\"https:\/\/www.nicolaos.ro\/szatmarnemeti1\/termek\/emlekplakett\",\"url\":\"https:\/\/www.nicolaos.ro\/szatmarnemeti1\/termek\/emlekplakett\",\"name\":\"A Keleti Egyh\u00e1zak Dikaszt\u00e9rium\u00e1nak lelkip\u00e1sztori seg\u00e9dlete - Szatm\u00e1rn\u00e9meti\",\"isPartOf\":{\"@id\":\"https:\/\/www.nicolaos.ro\/szatmarnemeti1\/#website\"},\"primaryImageOfPage\":{\"@id\":\"https:\/\/www.nicolaos.ro\/szatmarnemeti1\/termek\/emlekplakett#primaryimage\"},\"image\":{\"@id\":\"https:\/\/www.nicolaos.ro\/szatmarnemeti1\/termek\/emlekplakett#primaryimage\"},\"thumbnailUrl\":\"https:\/\/www.nicolaos.ro\/szatmarnemeti1\/wp-content\/uploads\/2021\/03\/2025os-szentev-es-a-keleti-katolikus-egyhazak-A-Keleti-Egyhazak-Dikaszteriumanak-lelkipasztori-segedlete.jpg\",\"datePublished\":\"2021-03-10T13:58:49+00:00\",\"dateModified\":\"2025-06-03T13:04:07+00:00\",\"breadcrumb\":{\"@id\":\"https:\/\/www.nicolaos.ro\/szatmarnemeti1\/termek\/emlekplakett#breadcrumb\"},\"inLanguage\":\"hu\",\"potentialAction\":[{\"@type\":\"ReadAction\",\"target\":[\"https:\/\/www.nicolaos.ro\/szatmarnemeti1\/termek\/emlekplakett\"]}]},{\"@type\":\"ImageObject\",\"inLanguage\":\"hu\",\"@id\":\"https:\/\/www.nicolaos.ro\/szatmarnemeti1\/termek\/emlekplakett#primaryimage\",\"url\":\"https:\/\/www.nicolaos.ro\/szatmarnemeti1\/wp-content\/uploads\/2021\/03\/2025os-szentev-es-a-keleti-katolikus-egyhazak-A-Keleti-Egyhazak-Dikaszteriumanak-lelkipasztori-segedlete.jpg\",\"contentUrl\":\"https:\/\/www.nicolaos.ro\/szatmarnemeti1\/wp-content\/uploads\/2021\/03\/2025os-szentev-es-a-keleti-katolikus-egyhazak-A-Keleti-Egyhazak-Dikaszteriumanak-lelkipasztori-segedlete.jpg\",\"width\":1866,\"height\":1867},{\"@type\":\"BreadcrumbList\",\"@id\":\"https:\/\/www.nicolaos.ro\/szatmarnemeti1\/termek\/emlekplakett#breadcrumb\",\"itemListElement\":[{\"@type\":\"ListItem\",\"position\":1,\"name\":\"Kezd\u0151lap\",\"item\":\"https:\/\/www.nicolaos.ro\/szatmarnemeti1\/\"},{\"@type\":\"ListItem\",\"position\":2,\"name\":\"EML\u00c9KT\u00c1RGY &#8211; souvenir\",\"item\":\"https:\/\/www.nicolaos.ro\/szatmarnemeti1\/emlektargy-souvenir\"},{\"@type\":\"ListItem\",\"position\":3,\"name\":\"A Keleti Egyh\u00e1zak Dikaszt\u00e9rium\u00e1nak lelkip\u00e1sztori seg\u00e9dlete\"}]},{\"@type\":\"WebSite\",\"@id\":\"https:\/\/www.nicolaos.ro\/szatmarnemeti1\/#website\",\"url\":\"https:\/\/www.nicolaos.ro\/szatmarnemeti1\/\",\"name\":\"Szatm\u00e1rn\u00e9meti\",\"description\":\"\",\"potentialAction\":[{\"@type\":\"SearchAction\",\"target\":{\"@type\":\"EntryPoint\",\"urlTemplate\":\"https:\/\/www.nicolaos.ro\/szatmarnemeti1\/?s={search_term_string}\"},\"query-input\":{\"@type\":\"PropertyValueSpecification\",\"valueRequired\":true,\"valueName\":\"search_term_string\"}}],\"inLanguage\":\"hu\"}]}<\/script>\n<!-- \/ Yoast SEO plugin. -->","yoast_head_json":{"title":"A Keleti Egyh\u00e1zak Dikaszt\u00e9rium\u00e1nak lelkip\u00e1sztori seg\u00e9dlete - Szatm\u00e1rn\u00e9meti","robots":{"index":"index","follow":"follow","max-snippet":"max-snippet:-1","max-image-preview":"max-image-preview:large","max-video-preview":"max-video-preview:-1"},"canonical":"https:\/\/www.nicolaos.ro\/szatmarnemeti1\/termek\/emlekplakett","og_locale":"hu_HU","og_type":"article","og_title":"A Keleti Egyh\u00e1zak Dikaszt\u00e9rium\u00e1nak lelkip\u00e1sztori seg\u00e9dlete - Szatm\u00e1rn\u00e9meti","og_description":"A 2025-\u00f6s Szent\u00e9v \u00e9s a Keleti Katolikus Egyh\u00e1zak lelkip\u00e1sztori seg\u00e9dlete Limit\u00e1lt p\u00e9ld\u00e1nysz\u00e1m","og_url":"https:\/\/www.nicolaos.ro\/szatmarnemeti1\/termek\/emlekplakett","og_site_name":"Szatm\u00e1rn\u00e9meti","article_modified_time":"2025-06-03T13:04:07+00:00","og_image":[{"width":1866,"height":1867,"url":"https:\/\/www.nicolaos.ro\/szatmarnemeti1\/wp-content\/uploads\/2021\/03\/2025os-szentev-es-a-keleti-katolikus-egyhazak-A-Keleti-Egyhazak-Dikaszteriumanak-lelkipasztori-segedlete.jpg","type":"image\/jpeg"}],"twitter_card":"summary_large_image","twitter_misc":{"Becs\u00fclt olvas\u00e1si id\u0151":"1 perc"},"schema":{"@context":"https:\/\/schema.org","@graph":[{"@type":"WebPage","@id":"https:\/\/www.nicolaos.ro\/szatmarnemeti1\/termek\/emlekplakett","url":"https:\/\/www.nicolaos.ro\/szatmarnemeti1\/termek\/emlekplakett","name":"A Keleti Egyh\u00e1zak Dikaszt\u00e9rium\u00e1nak lelkip\u00e1sztori seg\u00e9dlete - Szatm\u00e1rn\u00e9meti","isPartOf":{"@id":"https:\/\/www.nicolaos.ro\/szatmarnemeti1\/#website"},"primaryImageOfPage":{"@id":"https:\/\/www.nicolaos.ro\/szatmarnemeti1\/termek\/emlekplakett#primaryimage"},"image":{"@id":"https:\/\/www.nicolaos.ro\/szatmarnemeti1\/termek\/emlekplakett#primaryimage"},"thumbnailUrl":"https:\/\/www.nicolaos.ro\/szatmarnemeti1\/wp-content\/uploads\/2021\/03\/2025os-szentev-es-a-keleti-katolikus-egyhazak-A-Keleti-Egyhazak-Dikaszteriumanak-lelkipasztori-segedlete.jpg","datePublished":"2021-03-10T13:58:49+00:00","dateModified":"2025-06-03T13:04:07+00:00","breadcrumb":{"@id":"https:\/\/www.nicolaos.ro\/szatmarnemeti1\/termek\/emlekplakett#breadcrumb"},"inLanguage":"hu","potentialAction":[{"@type":"ReadAction","target":["https:\/\/www.nicolaos.ro\/szatmarnemeti1\/termek\/emlekplakett"]}]},{"@type":"ImageObject","inLanguage":"hu","@id":"https:\/\/www.nicolaos.ro\/szatmarnemeti1\/termek\/emlekplakett#primaryimage","url":"https:\/\/www.nicolaos.ro\/szatmarnemeti1\/wp-content\/uploads\/2021\/03\/2025os-szentev-es-a-keleti-katolikus-egyhazak-A-Keleti-Egyhazak-Dikaszteriumanak-lelkipasztori-segedlete.jpg","contentUrl":"https:\/\/www.nicolaos.ro\/szatmarnemeti1\/wp-content\/uploads\/2021\/03\/2025os-szentev-es-a-keleti-katolikus-egyhazak-A-Keleti-Egyhazak-Dikaszteriumanak-lelkipasztori-segedlete.jpg","width":1866,"height":1867},{"@type":"BreadcrumbList","@id":"https:\/\/www.nicolaos.ro\/szatmarnemeti1\/termek\/emlekplakett#breadcrumb","itemListElement":[{"@type":"ListItem","position":1,"name":"Kezd\u0151lap","item":"https:\/\/www.nicolaos.ro\/szatmarnemeti1\/"},{"@type":"ListItem","position":2,"name":"EML\u00c9KT\u00c1RGY &#8211; souvenir","item":"https:\/\/www.nicolaos.ro\/szatmarnemeti1\/emlektargy-souvenir"},{"@type":"ListItem","position":3,"name":"A Keleti Egyh\u00e1zak Dikaszt\u00e9rium\u00e1nak lelkip\u00e1sztori seg\u00e9dlete"}]},{"@type":"WebSite","@id":"https:\/\/www.nicolaos.ro\/szatmarnemeti1\/#website","url":"https:\/\/www.nicolaos.ro\/szatmarnemeti1\/","name":"Szatm\u00e1rn\u00e9meti","description":"","potentialAction":[{"@type":"SearchAction","target":{"@type":"EntryPoint","urlTemplate":"https:\/\/www.nicolaos.ro\/szatmarnemeti1\/?s={search_term_string}"},"query-input":{"@type":"PropertyValueSpecification","valueRequired":true,"valueName":"search_term_string"}}],"inLanguage":"hu"}]}},"_links":{"self":[{"href":"https:\/\/www.nicolaos.ro\/szatmarnemeti1\/wp-json\/wp\/v2\/product\/1217","targetHints":{"allow":["GET"]}}],"collection":[{"href":"https:\/\/www.nicolaos.ro\/szatmarnemeti1\/wp-json\/wp\/v2\/product"}],"about":[{"href":"https:\/\/www.nicolaos.ro\/szatmarnemeti1\/wp-json\/wp\/v2\/types\/product"}],"wp:featuredmedia":[{"embeddable":true,"href":"https:\/\/www.nicolaos.ro\/szatmarnemeti1\/wp-json\/wp\/v2\/media\/2813"}],"wp:attachment":[{"href":"https:\/\/www.nicolaos.ro\/szatmarnemeti1\/wp-json\/wp\/v2\/media?parent=1217"}],"wp:term":[{"taxonomy":"product_brand","embeddable":true,"href":"https:\/\/www.nicolaos.ro\/szatmarnemeti1\/wp-json\/wp\/v2\/product_brand?post=1217"},{"taxonomy":"product_cat","embeddable":true,"href":"https:\/\/www.nicolaos.ro\/szatmarnemeti1\/wp-json\/wp\/v2\/product_cat?post=1217"},{"taxonomy":"product_tag","embeddable":true,"href":"https:\/\/www.nicolaos.ro\/szatmarnemeti1\/wp-json\/wp\/v2\/product_tag?post=1217"}],"curies":[{"name":"wp","href":"https:\/\/api.w.org\/{rel}","templated":true}]}}