{"id":1261,"date":"2021-03-11T03:48:04","date_gmt":"2021-03-11T03:48:04","guid":{"rendered":"https:\/\/nicolaos.ro\/szatmarnemeti1\/?post_type=product&#038;p=1261"},"modified":"2025-05-28T06:17:20","modified_gmt":"2025-05-28T06:17:20","slug":"peleskei-szent-anna-imakonyv","status":"publish","type":"product","link":"https:\/\/www.nicolaos.ro\/szatmarnemeti1\/termek\/peleskei-szent-anna-imakonyv","title":{"rendered":"Peleskei Szent Anna imak\u00f6nyv"},"content":{"rendered":"<p style=\"text-align: left;\"><img loading=\"lazy\" decoding=\"async\" class=\"wp-image-1264 size-thumbnail alignleft\" src=\"https:\/\/www.nicolaos.ro\/nagypeleske\/wp-content\/uploads\/2021\/03\/szent-anna-imakonyv-02-150x150.jpg\" alt=\"\" width=\"150\" height=\"150\" \/><\/p>\n<p style=\"text-align: center;\"><img loading=\"lazy\" decoding=\"async\" class=\"wp-image-1263 size-thumbnail alignleft\" src=\"https:\/\/www.nicolaos.ro\/nagypeleske\/wp-content\/uploads\/2021\/03\/szent-anna-imakonyv-01-1-150x150.jpg\" alt=\"\" width=\"150\" height=\"150\" \/><\/p>\n","protected":false},"excerpt":{"rendered":"","protected":false},"featured_media":2686,"template":"","meta":[],"product_brand":[],"product_cat":[33,42],"product_tag":[],"class_list":{"0":"post-1261","1":"product","2":"type-product","3":"status-publish","4":"has-post-thumbnail","6":"product_cat-emlektargyak","7":"product_cat-konyvek","9":"first","10":"instock","11":"shipping-taxable","12":"purchasable","13":"product-type-simple"},"yoast_head":"<!-- This site is optimized with the Yoast SEO plugin v25.5 - https:\/\/yoast.com\/wordpress\/plugins\/seo\/ -->\n<title>Peleskei Szent Anna imak\u00f6nyv - Szatm\u00e1rn\u00e9meti<\/title>\n<meta name=\"robots\" content=\"index, follow, max-snippet:-1, max-image-preview:large, max-video-preview:-1\" \/>\n<link rel=\"canonical\" href=\"https:\/\/www.nicolaos.ro\/szatmarnemeti1\/termek\/peleskei-szent-anna-imakonyv\" \/>\n<meta property=\"og:locale\" content=\"hu_HU\" \/>\n<meta property=\"og:type\" content=\"article\" \/>\n<meta property=\"og:title\" content=\"Peleskei Szent Anna imak\u00f6nyv - Szatm\u00e1rn\u00e9meti\" \/>\n<meta property=\"og:url\" content=\"https:\/\/www.nicolaos.ro\/szatmarnemeti1\/termek\/peleskei-szent-anna-imakonyv\" \/>\n<meta property=\"og:site_name\" content=\"Szatm\u00e1rn\u00e9meti\" \/>\n<meta property=\"article:modified_time\" content=\"2025-05-28T06:17:20+00:00\" \/>\n<meta property=\"og:image\" content=\"https:\/\/www.nicolaos.ro\/szatmarnemeti1\/wp-content\/uploads\/2021\/03\/szent-anna-imakonyv-01.jpg\" \/>\n\t<meta property=\"og:image:width\" content=\"1775\" \/>\n\t<meta property=\"og:image:height\" content=\"1775\" \/>\n\t<meta property=\"og:image:type\" content=\"image\/jpeg\" \/>\n<meta name=\"twitter:card\" content=\"summary_large_image\" \/>\n<meta name=\"twitter:label1\" content=\"Becs\u00fclt olvas\u00e1si id\u0151\" \/>\n\t<meta name=\"twitter:data1\" content=\"1 perc\" \/>\n<script type=\"application\/ld+json\" class=\"yoast-schema-graph\">{\"@context\":\"https:\/\/schema.org\",\"@graph\":[{\"@type\":\"WebPage\",\"@id\":\"https:\/\/www.nicolaos.ro\/szatmarnemeti1\/termek\/peleskei-szent-anna-imakonyv\",\"url\":\"https:\/\/www.nicolaos.ro\/szatmarnemeti1\/termek\/peleskei-szent-anna-imakonyv\",\"name\":\"Peleskei Szent Anna imak\u00f6nyv - Szatm\u00e1rn\u00e9meti\",\"isPartOf\":{\"@id\":\"https:\/\/www.nicolaos.ro\/szatmarnemeti1\/#website\"},\"primaryImageOfPage\":{\"@id\":\"https:\/\/www.nicolaos.ro\/szatmarnemeti1\/termek\/peleskei-szent-anna-imakonyv#primaryimage\"},\"image\":{\"@id\":\"https:\/\/www.nicolaos.ro\/szatmarnemeti1\/termek\/peleskei-szent-anna-imakonyv#primaryimage\"},\"thumbnailUrl\":\"https:\/\/www.nicolaos.ro\/szatmarnemeti1\/wp-content\/uploads\/2021\/03\/szent-anna-imakonyv-01.jpg\",\"datePublished\":\"2021-03-11T03:48:04+00:00\",\"dateModified\":\"2025-05-28T06:17:20+00:00\",\"breadcrumb\":{\"@id\":\"https:\/\/www.nicolaos.ro\/szatmarnemeti1\/termek\/peleskei-szent-anna-imakonyv#breadcrumb\"},\"inLanguage\":\"hu\",\"potentialAction\":[{\"@type\":\"ReadAction\",\"target\":[\"https:\/\/www.nicolaos.ro\/szatmarnemeti1\/termek\/peleskei-szent-anna-imakonyv\"]}]},{\"@type\":\"ImageObject\",\"inLanguage\":\"hu\",\"@id\":\"https:\/\/www.nicolaos.ro\/szatmarnemeti1\/termek\/peleskei-szent-anna-imakonyv#primaryimage\",\"url\":\"https:\/\/www.nicolaos.ro\/szatmarnemeti1\/wp-content\/uploads\/2021\/03\/szent-anna-imakonyv-01.jpg\",\"contentUrl\":\"https:\/\/www.nicolaos.ro\/szatmarnemeti1\/wp-content\/uploads\/2021\/03\/szent-anna-imakonyv-01.jpg\",\"width\":1775,\"height\":1775},{\"@type\":\"BreadcrumbList\",\"@id\":\"https:\/\/www.nicolaos.ro\/szatmarnemeti1\/termek\/peleskei-szent-anna-imakonyv#breadcrumb\",\"itemListElement\":[{\"@type\":\"ListItem\",\"position\":1,\"name\":\"Kezd\u0151lap\",\"item\":\"https:\/\/www.nicolaos.ro\/szatmarnemeti1\/\"},{\"@type\":\"ListItem\",\"position\":2,\"name\":\"EML\u00c9KT\u00c1RGY &#8211; souvenir\",\"item\":\"https:\/\/www.nicolaos.ro\/szatmarnemeti1\/emlektargy-souvenir\"},{\"@type\":\"ListItem\",\"position\":3,\"name\":\"Peleskei Szent Anna imak\u00f6nyv\"}]},{\"@type\":\"WebSite\",\"@id\":\"https:\/\/www.nicolaos.ro\/szatmarnemeti1\/#website\",\"url\":\"https:\/\/www.nicolaos.ro\/szatmarnemeti1\/\",\"name\":\"Szatm\u00e1rn\u00e9meti\",\"description\":\"\",\"potentialAction\":[{\"@type\":\"SearchAction\",\"target\":{\"@type\":\"EntryPoint\",\"urlTemplate\":\"https:\/\/www.nicolaos.ro\/szatmarnemeti1\/?s={search_term_string}\"},\"query-input\":{\"@type\":\"PropertyValueSpecification\",\"valueRequired\":true,\"valueName\":\"search_term_string\"}}],\"inLanguage\":\"hu\"}]}<\/script>\n<!-- \/ Yoast SEO plugin. -->","yoast_head_json":{"title":"Peleskei Szent Anna imak\u00f6nyv - Szatm\u00e1rn\u00e9meti","robots":{"index":"index","follow":"follow","max-snippet":"max-snippet:-1","max-image-preview":"max-image-preview:large","max-video-preview":"max-video-preview:-1"},"canonical":"https:\/\/www.nicolaos.ro\/szatmarnemeti1\/termek\/peleskei-szent-anna-imakonyv","og_locale":"hu_HU","og_type":"article","og_title":"Peleskei Szent Anna imak\u00f6nyv - Szatm\u00e1rn\u00e9meti","og_url":"https:\/\/www.nicolaos.ro\/szatmarnemeti1\/termek\/peleskei-szent-anna-imakonyv","og_site_name":"Szatm\u00e1rn\u00e9meti","article_modified_time":"2025-05-28T06:17:20+00:00","og_image":[{"width":1775,"height":1775,"url":"https:\/\/www.nicolaos.ro\/szatmarnemeti1\/wp-content\/uploads\/2021\/03\/szent-anna-imakonyv-01.jpg","type":"image\/jpeg"}],"twitter_card":"summary_large_image","twitter_misc":{"Becs\u00fclt olvas\u00e1si id\u0151":"1 perc"},"schema":{"@context":"https:\/\/schema.org","@graph":[{"@type":"WebPage","@id":"https:\/\/www.nicolaos.ro\/szatmarnemeti1\/termek\/peleskei-szent-anna-imakonyv","url":"https:\/\/www.nicolaos.ro\/szatmarnemeti1\/termek\/peleskei-szent-anna-imakonyv","name":"Peleskei Szent Anna imak\u00f6nyv - Szatm\u00e1rn\u00e9meti","isPartOf":{"@id":"https:\/\/www.nicolaos.ro\/szatmarnemeti1\/#website"},"primaryImageOfPage":{"@id":"https:\/\/www.nicolaos.ro\/szatmarnemeti1\/termek\/peleskei-szent-anna-imakonyv#primaryimage"},"image":{"@id":"https:\/\/www.nicolaos.ro\/szatmarnemeti1\/termek\/peleskei-szent-anna-imakonyv#primaryimage"},"thumbnailUrl":"https:\/\/www.nicolaos.ro\/szatmarnemeti1\/wp-content\/uploads\/2021\/03\/szent-anna-imakonyv-01.jpg","datePublished":"2021-03-11T03:48:04+00:00","dateModified":"2025-05-28T06:17:20+00:00","breadcrumb":{"@id":"https:\/\/www.nicolaos.ro\/szatmarnemeti1\/termek\/peleskei-szent-anna-imakonyv#breadcrumb"},"inLanguage":"hu","potentialAction":[{"@type":"ReadAction","target":["https:\/\/www.nicolaos.ro\/szatmarnemeti1\/termek\/peleskei-szent-anna-imakonyv"]}]},{"@type":"ImageObject","inLanguage":"hu","@id":"https:\/\/www.nicolaos.ro\/szatmarnemeti1\/termek\/peleskei-szent-anna-imakonyv#primaryimage","url":"https:\/\/www.nicolaos.ro\/szatmarnemeti1\/wp-content\/uploads\/2021\/03\/szent-anna-imakonyv-01.jpg","contentUrl":"https:\/\/www.nicolaos.ro\/szatmarnemeti1\/wp-content\/uploads\/2021\/03\/szent-anna-imakonyv-01.jpg","width":1775,"height":1775},{"@type":"BreadcrumbList","@id":"https:\/\/www.nicolaos.ro\/szatmarnemeti1\/termek\/peleskei-szent-anna-imakonyv#breadcrumb","itemListElement":[{"@type":"ListItem","position":1,"name":"Kezd\u0151lap","item":"https:\/\/www.nicolaos.ro\/szatmarnemeti1\/"},{"@type":"ListItem","position":2,"name":"EML\u00c9KT\u00c1RGY &#8211; souvenir","item":"https:\/\/www.nicolaos.ro\/szatmarnemeti1\/emlektargy-souvenir"},{"@type":"ListItem","position":3,"name":"Peleskei Szent Anna imak\u00f6nyv"}]},{"@type":"WebSite","@id":"https:\/\/www.nicolaos.ro\/szatmarnemeti1\/#website","url":"https:\/\/www.nicolaos.ro\/szatmarnemeti1\/","name":"Szatm\u00e1rn\u00e9meti","description":"","potentialAction":[{"@type":"SearchAction","target":{"@type":"EntryPoint","urlTemplate":"https:\/\/www.nicolaos.ro\/szatmarnemeti1\/?s={search_term_string}"},"query-input":{"@type":"PropertyValueSpecification","valueRequired":true,"valueName":"search_term_string"}}],"inLanguage":"hu"}]}},"_links":{"self":[{"href":"https:\/\/www.nicolaos.ro\/szatmarnemeti1\/wp-json\/wp\/v2\/product\/1261","targetHints":{"allow":["GET"]}}],"collection":[{"href":"https:\/\/www.nicolaos.ro\/szatmarnemeti1\/wp-json\/wp\/v2\/product"}],"about":[{"href":"https:\/\/www.nicolaos.ro\/szatmarnemeti1\/wp-json\/wp\/v2\/types\/product"}],"wp:featuredmedia":[{"embeddable":true,"href":"https:\/\/www.nicolaos.ro\/szatmarnemeti1\/wp-json\/wp\/v2\/media\/2686"}],"wp:attachment":[{"href":"https:\/\/www.nicolaos.ro\/szatmarnemeti1\/wp-json\/wp\/v2\/media?parent=1261"}],"wp:term":[{"taxonomy":"product_brand","embeddable":true,"href":"https:\/\/www.nicolaos.ro\/szatmarnemeti1\/wp-json\/wp\/v2\/product_brand?post=1261"},{"taxonomy":"product_cat","embeddable":true,"href":"https:\/\/www.nicolaos.ro\/szatmarnemeti1\/wp-json\/wp\/v2\/product_cat?post=1261"},{"taxonomy":"product_tag","embeddable":true,"href":"https:\/\/www.nicolaos.ro\/szatmarnemeti1\/wp-json\/wp\/v2\/product_tag?post=1261"}],"curies":[{"name":"wp","href":"https:\/\/api.w.org\/{rel}","templated":true}]}}