{"id":2776,"date":"2025-05-27T13:10:27","date_gmt":"2025-05-27T13:10:27","guid":{"rendered":"https:\/\/www.nicolaos.ro\/szatmarnemeti1\/?post_type=product&#038;p=2776"},"modified":"2025-06-13T12:00:51","modified_gmt":"2025-06-13T12:00:51","slug":"bizanci-lelkisegi-oroksegunk-7","status":"publish","type":"product","link":"https:\/\/www.nicolaos.ro\/szatmarnemeti1\/termek\/bizanci-lelkisegi-oroksegunk-7","title":{"rendered":"Biz\u00e1nci Lelkis\u00e9gi \u00d6r\u00f6ks\u00e9g\u00fcnk 7"},"content":{"rendered":"<p>Ivancs\u00f3 Istv\u00e1n: Biz\u00e1nci Lelkis\u00e9gi \u00d6r\u00f6ks\u00e9g\u00fcnk 7<\/p>\n<p>A m\u00e1riap\u00f3csi akathisztoszr\u00f3l<\/p>\n","protected":false},"excerpt":{"rendered":"<p>Ivancs\u00f3 Istv\u00e1n: Biz\u00e1nci Lelkis\u00e9gi \u00d6r\u00f6ks\u00e9g\u00fcnk 7 A m\u00e1riap\u00f3csi akathisztoszr\u00f3l<\/p>\n","protected":false},"featured_media":2861,"template":"","meta":[],"product_brand":[],"product_cat":[33,42],"product_tag":[],"class_list":{"0":"post-2776","1":"product","2":"type-product","3":"status-publish","4":"has-post-thumbnail","6":"product_cat-emlektargyak","7":"product_cat-konyvek","9":"first","10":"instock","11":"shipping-taxable","12":"purchasable","13":"product-type-simple"},"yoast_head":"<!-- This site is optimized with the Yoast SEO plugin v25.5 - https:\/\/yoast.com\/wordpress\/plugins\/seo\/ -->\n<title>Biz\u00e1nci Lelkis\u00e9gi \u00d6r\u00f6ks\u00e9g\u00fcnk 7 - Szatm\u00e1rn\u00e9meti<\/title>\n<meta name=\"robots\" content=\"index, follow, max-snippet:-1, max-image-preview:large, max-video-preview:-1\" \/>\n<link rel=\"canonical\" href=\"https:\/\/www.nicolaos.ro\/szatmarnemeti1\/termek\/bizanci-lelkisegi-oroksegunk-7\" \/>\n<meta property=\"og:locale\" content=\"hu_HU\" \/>\n<meta property=\"og:type\" content=\"article\" \/>\n<meta property=\"og:title\" content=\"Biz\u00e1nci Lelkis\u00e9gi \u00d6r\u00f6ks\u00e9g\u00fcnk 7 - Szatm\u00e1rn\u00e9meti\" \/>\n<meta property=\"og:description\" content=\"Ivancs\u00f3 Istv\u00e1n: Biz\u00e1nci Lelkis\u00e9gi \u00d6r\u00f6ks\u00e9g\u00fcnk 7 A m\u00e1riap\u00f3csi akathisztoszr\u00f3l\" \/>\n<meta property=\"og:url\" content=\"https:\/\/www.nicolaos.ro\/szatmarnemeti1\/termek\/bizanci-lelkisegi-oroksegunk-7\" \/>\n<meta property=\"og:site_name\" content=\"Szatm\u00e1rn\u00e9meti\" \/>\n<meta property=\"article:modified_time\" content=\"2025-06-13T12:00:51+00:00\" \/>\n<meta property=\"og:image\" content=\"https:\/\/www.nicolaos.ro\/szatmarnemeti1\/wp-content\/uploads\/2025\/05\/Ivancso-Istvan-A-mariapocsi-akatisztoszrol.jpg\" \/>\n\t<meta property=\"og:image:width\" content=\"1628\" \/>\n\t<meta property=\"og:image:height\" content=\"1629\" \/>\n\t<meta property=\"og:image:type\" content=\"image\/jpeg\" \/>\n<meta name=\"twitter:card\" content=\"summary_large_image\" \/>\n<meta name=\"twitter:label1\" content=\"Becs\u00fclt olvas\u00e1si id\u0151\" \/>\n\t<meta name=\"twitter:data1\" content=\"1 perc\" \/>\n<script type=\"application\/ld+json\" class=\"yoast-schema-graph\">{\"@context\":\"https:\/\/schema.org\",\"@graph\":[{\"@type\":\"WebPage\",\"@id\":\"https:\/\/www.nicolaos.ro\/szatmarnemeti1\/termek\/bizanci-lelkisegi-oroksegunk-7\",\"url\":\"https:\/\/www.nicolaos.ro\/szatmarnemeti1\/termek\/bizanci-lelkisegi-oroksegunk-7\",\"name\":\"Biz\u00e1nci Lelkis\u00e9gi \u00d6r\u00f6ks\u00e9g\u00fcnk 7 - Szatm\u00e1rn\u00e9meti\",\"isPartOf\":{\"@id\":\"https:\/\/www.nicolaos.ro\/szatmarnemeti1\/#website\"},\"primaryImageOfPage\":{\"@id\":\"https:\/\/www.nicolaos.ro\/szatmarnemeti1\/termek\/bizanci-lelkisegi-oroksegunk-7#primaryimage\"},\"image\":{\"@id\":\"https:\/\/www.nicolaos.ro\/szatmarnemeti1\/termek\/bizanci-lelkisegi-oroksegunk-7#primaryimage\"},\"thumbnailUrl\":\"https:\/\/www.nicolaos.ro\/szatmarnemeti1\/wp-content\/uploads\/2025\/05\/Ivancso-Istvan-A-mariapocsi-akatisztoszrol.jpg\",\"datePublished\":\"2025-05-27T13:10:27+00:00\",\"dateModified\":\"2025-06-13T12:00:51+00:00\",\"breadcrumb\":{\"@id\":\"https:\/\/www.nicolaos.ro\/szatmarnemeti1\/termek\/bizanci-lelkisegi-oroksegunk-7#breadcrumb\"},\"inLanguage\":\"hu\",\"potentialAction\":[{\"@type\":\"ReadAction\",\"target\":[\"https:\/\/www.nicolaos.ro\/szatmarnemeti1\/termek\/bizanci-lelkisegi-oroksegunk-7\"]}]},{\"@type\":\"ImageObject\",\"inLanguage\":\"hu\",\"@id\":\"https:\/\/www.nicolaos.ro\/szatmarnemeti1\/termek\/bizanci-lelkisegi-oroksegunk-7#primaryimage\",\"url\":\"https:\/\/www.nicolaos.ro\/szatmarnemeti1\/wp-content\/uploads\/2025\/05\/Ivancso-Istvan-A-mariapocsi-akatisztoszrol.jpg\",\"contentUrl\":\"https:\/\/www.nicolaos.ro\/szatmarnemeti1\/wp-content\/uploads\/2025\/05\/Ivancso-Istvan-A-mariapocsi-akatisztoszrol.jpg\",\"width\":1628,\"height\":1629},{\"@type\":\"BreadcrumbList\",\"@id\":\"https:\/\/www.nicolaos.ro\/szatmarnemeti1\/termek\/bizanci-lelkisegi-oroksegunk-7#breadcrumb\",\"itemListElement\":[{\"@type\":\"ListItem\",\"position\":1,\"name\":\"Kezd\u0151lap\",\"item\":\"https:\/\/www.nicolaos.ro\/szatmarnemeti1\/\"},{\"@type\":\"ListItem\",\"position\":2,\"name\":\"EML\u00c9KT\u00c1RGY &#8211; souvenir\",\"item\":\"https:\/\/www.nicolaos.ro\/szatmarnemeti1\/emlektargy-souvenir\"},{\"@type\":\"ListItem\",\"position\":3,\"name\":\"Biz\u00e1nci Lelkis\u00e9gi \u00d6r\u00f6ks\u00e9g\u00fcnk 7\"}]},{\"@type\":\"WebSite\",\"@id\":\"https:\/\/www.nicolaos.ro\/szatmarnemeti1\/#website\",\"url\":\"https:\/\/www.nicolaos.ro\/szatmarnemeti1\/\",\"name\":\"Szatm\u00e1rn\u00e9meti\",\"description\":\"\",\"potentialAction\":[{\"@type\":\"SearchAction\",\"target\":{\"@type\":\"EntryPoint\",\"urlTemplate\":\"https:\/\/www.nicolaos.ro\/szatmarnemeti1\/?s={search_term_string}\"},\"query-input\":{\"@type\":\"PropertyValueSpecification\",\"valueRequired\":true,\"valueName\":\"search_term_string\"}}],\"inLanguage\":\"hu\"}]}<\/script>\n<!-- \/ Yoast SEO plugin. -->","yoast_head_json":{"title":"Biz\u00e1nci Lelkis\u00e9gi \u00d6r\u00f6ks\u00e9g\u00fcnk 7 - Szatm\u00e1rn\u00e9meti","robots":{"index":"index","follow":"follow","max-snippet":"max-snippet:-1","max-image-preview":"max-image-preview:large","max-video-preview":"max-video-preview:-1"},"canonical":"https:\/\/www.nicolaos.ro\/szatmarnemeti1\/termek\/bizanci-lelkisegi-oroksegunk-7","og_locale":"hu_HU","og_type":"article","og_title":"Biz\u00e1nci Lelkis\u00e9gi \u00d6r\u00f6ks\u00e9g\u00fcnk 7 - Szatm\u00e1rn\u00e9meti","og_description":"Ivancs\u00f3 Istv\u00e1n: Biz\u00e1nci Lelkis\u00e9gi \u00d6r\u00f6ks\u00e9g\u00fcnk 7 A m\u00e1riap\u00f3csi akathisztoszr\u00f3l","og_url":"https:\/\/www.nicolaos.ro\/szatmarnemeti1\/termek\/bizanci-lelkisegi-oroksegunk-7","og_site_name":"Szatm\u00e1rn\u00e9meti","article_modified_time":"2025-06-13T12:00:51+00:00","og_image":[{"width":1628,"height":1629,"url":"https:\/\/www.nicolaos.ro\/szatmarnemeti1\/wp-content\/uploads\/2025\/05\/Ivancso-Istvan-A-mariapocsi-akatisztoszrol.jpg","type":"image\/jpeg"}],"twitter_card":"summary_large_image","twitter_misc":{"Becs\u00fclt olvas\u00e1si id\u0151":"1 perc"},"schema":{"@context":"https:\/\/schema.org","@graph":[{"@type":"WebPage","@id":"https:\/\/www.nicolaos.ro\/szatmarnemeti1\/termek\/bizanci-lelkisegi-oroksegunk-7","url":"https:\/\/www.nicolaos.ro\/szatmarnemeti1\/termek\/bizanci-lelkisegi-oroksegunk-7","name":"Biz\u00e1nci Lelkis\u00e9gi \u00d6r\u00f6ks\u00e9g\u00fcnk 7 - Szatm\u00e1rn\u00e9meti","isPartOf":{"@id":"https:\/\/www.nicolaos.ro\/szatmarnemeti1\/#website"},"primaryImageOfPage":{"@id":"https:\/\/www.nicolaos.ro\/szatmarnemeti1\/termek\/bizanci-lelkisegi-oroksegunk-7#primaryimage"},"image":{"@id":"https:\/\/www.nicolaos.ro\/szatmarnemeti1\/termek\/bizanci-lelkisegi-oroksegunk-7#primaryimage"},"thumbnailUrl":"https:\/\/www.nicolaos.ro\/szatmarnemeti1\/wp-content\/uploads\/2025\/05\/Ivancso-Istvan-A-mariapocsi-akatisztoszrol.jpg","datePublished":"2025-05-27T13:10:27+00:00","dateModified":"2025-06-13T12:00:51+00:00","breadcrumb":{"@id":"https:\/\/www.nicolaos.ro\/szatmarnemeti1\/termek\/bizanci-lelkisegi-oroksegunk-7#breadcrumb"},"inLanguage":"hu","potentialAction":[{"@type":"ReadAction","target":["https:\/\/www.nicolaos.ro\/szatmarnemeti1\/termek\/bizanci-lelkisegi-oroksegunk-7"]}]},{"@type":"ImageObject","inLanguage":"hu","@id":"https:\/\/www.nicolaos.ro\/szatmarnemeti1\/termek\/bizanci-lelkisegi-oroksegunk-7#primaryimage","url":"https:\/\/www.nicolaos.ro\/szatmarnemeti1\/wp-content\/uploads\/2025\/05\/Ivancso-Istvan-A-mariapocsi-akatisztoszrol.jpg","contentUrl":"https:\/\/www.nicolaos.ro\/szatmarnemeti1\/wp-content\/uploads\/2025\/05\/Ivancso-Istvan-A-mariapocsi-akatisztoszrol.jpg","width":1628,"height":1629},{"@type":"BreadcrumbList","@id":"https:\/\/www.nicolaos.ro\/szatmarnemeti1\/termek\/bizanci-lelkisegi-oroksegunk-7#breadcrumb","itemListElement":[{"@type":"ListItem","position":1,"name":"Kezd\u0151lap","item":"https:\/\/www.nicolaos.ro\/szatmarnemeti1\/"},{"@type":"ListItem","position":2,"name":"EML\u00c9KT\u00c1RGY &#8211; souvenir","item":"https:\/\/www.nicolaos.ro\/szatmarnemeti1\/emlektargy-souvenir"},{"@type":"ListItem","position":3,"name":"Biz\u00e1nci Lelkis\u00e9gi \u00d6r\u00f6ks\u00e9g\u00fcnk 7"}]},{"@type":"WebSite","@id":"https:\/\/www.nicolaos.ro\/szatmarnemeti1\/#website","url":"https:\/\/www.nicolaos.ro\/szatmarnemeti1\/","name":"Szatm\u00e1rn\u00e9meti","description":"","potentialAction":[{"@type":"SearchAction","target":{"@type":"EntryPoint","urlTemplate":"https:\/\/www.nicolaos.ro\/szatmarnemeti1\/?s={search_term_string}"},"query-input":{"@type":"PropertyValueSpecification","valueRequired":true,"valueName":"search_term_string"}}],"inLanguage":"hu"}]}},"_links":{"self":[{"href":"https:\/\/www.nicolaos.ro\/szatmarnemeti1\/wp-json\/wp\/v2\/product\/2776","targetHints":{"allow":["GET"]}}],"collection":[{"href":"https:\/\/www.nicolaos.ro\/szatmarnemeti1\/wp-json\/wp\/v2\/product"}],"about":[{"href":"https:\/\/www.nicolaos.ro\/szatmarnemeti1\/wp-json\/wp\/v2\/types\/product"}],"wp:featuredmedia":[{"embeddable":true,"href":"https:\/\/www.nicolaos.ro\/szatmarnemeti1\/wp-json\/wp\/v2\/media\/2861"}],"wp:attachment":[{"href":"https:\/\/www.nicolaos.ro\/szatmarnemeti1\/wp-json\/wp\/v2\/media?parent=2776"}],"wp:term":[{"taxonomy":"product_brand","embeddable":true,"href":"https:\/\/www.nicolaos.ro\/szatmarnemeti1\/wp-json\/wp\/v2\/product_brand?post=2776"},{"taxonomy":"product_cat","embeddable":true,"href":"https:\/\/www.nicolaos.ro\/szatmarnemeti1\/wp-json\/wp\/v2\/product_cat?post=2776"},{"taxonomy":"product_tag","embeddable":true,"href":"https:\/\/www.nicolaos.ro\/szatmarnemeti1\/wp-json\/wp\/v2\/product_tag?post=2776"}],"curies":[{"name":"wp","href":"https:\/\/api.w.org\/{rel}","templated":true}]}}