{"id":2782,"date":"2025-05-27T13:17:00","date_gmt":"2025-05-27T13:17:00","guid":{"rendered":"https:\/\/www.nicolaos.ro\/szatmarnemeti1\/?post_type=product&#038;p=2782"},"modified":"2025-06-13T13:00:08","modified_gmt":"2025-06-13T13:00:08","slug":"isten-ideje-az-egyhaz-ideje","status":"publish","type":"product","link":"https:\/\/www.nicolaos.ro\/szatmarnemeti1\/termek\/isten-ideje-az-egyhaz-ideje","title":{"rendered":"Isten ideje, az Egyh\u00e1z ideje"},"content":{"rendered":"<p>Manuel Nin: Isten ideje, az Egyh\u00e1z ideje<\/p>\n<p>\u201eEz a k\u00f6nyv pontosan megmutatja nek\u00fcnk a liturgikus \u00e9v minden isteni \u00e9dess\u00e9g\u00e9t. A nagy j\u00e1rul\u00e9ka, hogy nem tiszt\u00e1n t\u00f6rt\u00e9neti adatokat ny\u00fajt, amelyek &#8211; b\u00e1r fontosak &#8211; \u00f6nmagukban sz\u00e1razak lehetnek. Nin atya kiadv\u00e1nya ink\u00e1bb a Szent\u00edr\u00e1s \u00e9s a liturgikus sz\u00f6vegek alapj\u00e1n mutatja be az egyes \u00fcnnepeket. Az \u00fcnnepek megtart\u00e1sa \u00edgy vil\u00e1gosabb\u00e1 v\u00e1lik a lelk\u00fcnk sz\u00e1m\u00e1ra, \u00e9s az \u00fcdv\u00f6z\u00edt\u0151 esem\u00e9nyek \u00e9rthet\u0151bb\u00e9 v\u00e1lnak: az \u00fcnnepeken kereszt\u00fcl megadatik jobban szeretni az Egy \u00e9s H\u00e1roms\u00e1gos Istent.\u201d (Cyril Vasil El\u0151szav\u00e1b\u00f3l)<br \/>\n\u201eHa azt sem tudjuk, mit \u00fcnnepl\u00fcnk, \u00e1tsiklik f\u00f6l\u00f6tt\u00fcnk a napt\u00e1ri esem\u00e9ny an\u00e9lk\u00fcl, hogy meg\u00e9rintett, hogy b\u00e1rmit alak\u00edtott volna rajtunk. Ez a k\u00f6nyv sokat alak\u00edthat rajtunk, hisz jelent\u0151s m\u00e9rt\u00e9kben hozz\u00e1seg\u00edt, hogy az \u00fcnnepeink val\u00f3ban \u00fcnnepek legyenek, hogy f\u00f6lfogjuk, meg\u00e9rts\u00fck, befogadjuk, meg\u00e9lj\u00fck az egyes \u00fcnnepek tartalm\u00e1t.&#8221; (F\u00fcl\u00f6p metropolita Aj\u00e1nl\u00e1s\u00e1b\u00f3l)<\/p>\n","protected":false},"excerpt":{"rendered":"<p>Manuel Nin: Isten ideje, az Egyh\u00e1z ideje \u201eEz a k\u00f6nyv pontosan megmutatja nek\u00fcnk a liturgikus \u00e9v minden isteni \u00e9dess\u00e9g\u00e9t. A nagy j\u00e1rul\u00e9ka, hogy nem tiszt\u00e1n t\u00f6rt\u00e9neti adatokat ny\u00fajt, amelyek &#8211; b\u00e1r fontosak &#8211; \u00f6nmagukban sz\u00e1razak lehetnek. Nin atya kiadv\u00e1nya ink\u00e1bb a Szent\u00edr\u00e1s \u00e9s a liturgikus sz\u00f6vegek alapj\u00e1n mutatja be az egyes \u00fcnnepeket. Az \u00fcnnepek megtart\u00e1sa [&hellip;]<\/p>\n","protected":false},"featured_media":2865,"template":"","meta":[],"product_brand":[],"product_cat":[33,42],"product_tag":[],"class_list":{"0":"post-2782","1":"product","2":"type-product","3":"status-publish","4":"has-post-thumbnail","6":"product_cat-emlektargyak","7":"product_cat-konyvek","9":"first","10":"instock","11":"shipping-taxable","12":"purchasable","13":"product-type-simple"},"yoast_head":"<!-- This site is optimized with the Yoast SEO plugin v25.5 - https:\/\/yoast.com\/wordpress\/plugins\/seo\/ -->\n<title>Isten ideje, az Egyh\u00e1z ideje - Szatm\u00e1rn\u00e9meti<\/title>\n<meta name=\"robots\" content=\"index, follow, max-snippet:-1, max-image-preview:large, max-video-preview:-1\" \/>\n<link rel=\"canonical\" href=\"https:\/\/www.nicolaos.ro\/szatmarnemeti1\/termek\/isten-ideje-az-egyhaz-ideje\" \/>\n<meta property=\"og:locale\" content=\"hu_HU\" \/>\n<meta property=\"og:type\" content=\"article\" \/>\n<meta property=\"og:title\" content=\"Isten ideje, az Egyh\u00e1z ideje - Szatm\u00e1rn\u00e9meti\" \/>\n<meta property=\"og:description\" content=\"Manuel Nin: Isten ideje, az Egyh\u00e1z ideje \u201eEz a k\u00f6nyv pontosan megmutatja nek\u00fcnk a liturgikus \u00e9v minden isteni \u00e9dess\u00e9g\u00e9t. A nagy j\u00e1rul\u00e9ka, hogy nem tiszt\u00e1n t\u00f6rt\u00e9neti adatokat ny\u00fajt, amelyek &#8211; b\u00e1r fontosak &#8211; \u00f6nmagukban sz\u00e1razak lehetnek. Nin atya kiadv\u00e1nya ink\u00e1bb a Szent\u00edr\u00e1s \u00e9s a liturgikus sz\u00f6vegek alapj\u00e1n mutatja be az egyes \u00fcnnepeket. Az \u00fcnnepek megtart\u00e1sa [&hellip;]\" \/>\n<meta property=\"og:url\" content=\"https:\/\/www.nicolaos.ro\/szatmarnemeti1\/termek\/isten-ideje-az-egyhaz-ideje\" \/>\n<meta property=\"og:site_name\" content=\"Szatm\u00e1rn\u00e9meti\" \/>\n<meta property=\"article:modified_time\" content=\"2025-06-13T13:00:08+00:00\" \/>\n<meta property=\"og:image\" content=\"https:\/\/www.nicolaos.ro\/szatmarnemeti1\/wp-content\/uploads\/2025\/05\/Manuel-Nin-Isten-ideje-az-egyhaz-ideje-.jpg\" \/>\n\t<meta property=\"og:image:width\" content=\"1866\" \/>\n\t<meta property=\"og:image:height\" content=\"1867\" \/>\n\t<meta property=\"og:image:type\" content=\"image\/jpeg\" \/>\n<meta name=\"twitter:card\" content=\"summary_large_image\" \/>\n<meta name=\"twitter:label1\" content=\"Becs\u00fclt olvas\u00e1si id\u0151\" \/>\n\t<meta name=\"twitter:data1\" content=\"1 perc\" \/>\n<script type=\"application\/ld+json\" class=\"yoast-schema-graph\">{\"@context\":\"https:\/\/schema.org\",\"@graph\":[{\"@type\":\"WebPage\",\"@id\":\"https:\/\/www.nicolaos.ro\/szatmarnemeti1\/termek\/isten-ideje-az-egyhaz-ideje\",\"url\":\"https:\/\/www.nicolaos.ro\/szatmarnemeti1\/termek\/isten-ideje-az-egyhaz-ideje\",\"name\":\"Isten ideje, az Egyh\u00e1z ideje - Szatm\u00e1rn\u00e9meti\",\"isPartOf\":{\"@id\":\"https:\/\/www.nicolaos.ro\/szatmarnemeti1\/#website\"},\"primaryImageOfPage\":{\"@id\":\"https:\/\/www.nicolaos.ro\/szatmarnemeti1\/termek\/isten-ideje-az-egyhaz-ideje#primaryimage\"},\"image\":{\"@id\":\"https:\/\/www.nicolaos.ro\/szatmarnemeti1\/termek\/isten-ideje-az-egyhaz-ideje#primaryimage\"},\"thumbnailUrl\":\"https:\/\/www.nicolaos.ro\/szatmarnemeti1\/wp-content\/uploads\/2025\/05\/Manuel-Nin-Isten-ideje-az-egyhaz-ideje-.jpg\",\"datePublished\":\"2025-05-27T13:17:00+00:00\",\"dateModified\":\"2025-06-13T13:00:08+00:00\",\"breadcrumb\":{\"@id\":\"https:\/\/www.nicolaos.ro\/szatmarnemeti1\/termek\/isten-ideje-az-egyhaz-ideje#breadcrumb\"},\"inLanguage\":\"hu\",\"potentialAction\":[{\"@type\":\"ReadAction\",\"target\":[\"https:\/\/www.nicolaos.ro\/szatmarnemeti1\/termek\/isten-ideje-az-egyhaz-ideje\"]}]},{\"@type\":\"ImageObject\",\"inLanguage\":\"hu\",\"@id\":\"https:\/\/www.nicolaos.ro\/szatmarnemeti1\/termek\/isten-ideje-az-egyhaz-ideje#primaryimage\",\"url\":\"https:\/\/www.nicolaos.ro\/szatmarnemeti1\/wp-content\/uploads\/2025\/05\/Manuel-Nin-Isten-ideje-az-egyhaz-ideje-.jpg\",\"contentUrl\":\"https:\/\/www.nicolaos.ro\/szatmarnemeti1\/wp-content\/uploads\/2025\/05\/Manuel-Nin-Isten-ideje-az-egyhaz-ideje-.jpg\",\"width\":1866,\"height\":1867},{\"@type\":\"BreadcrumbList\",\"@id\":\"https:\/\/www.nicolaos.ro\/szatmarnemeti1\/termek\/isten-ideje-az-egyhaz-ideje#breadcrumb\",\"itemListElement\":[{\"@type\":\"ListItem\",\"position\":1,\"name\":\"Kezd\u0151lap\",\"item\":\"https:\/\/www.nicolaos.ro\/szatmarnemeti1\/\"},{\"@type\":\"ListItem\",\"position\":2,\"name\":\"EML\u00c9KT\u00c1RGY &#8211; souvenir\",\"item\":\"https:\/\/www.nicolaos.ro\/szatmarnemeti1\/emlektargy-souvenir\"},{\"@type\":\"ListItem\",\"position\":3,\"name\":\"Isten ideje, az Egyh\u00e1z ideje\"}]},{\"@type\":\"WebSite\",\"@id\":\"https:\/\/www.nicolaos.ro\/szatmarnemeti1\/#website\",\"url\":\"https:\/\/www.nicolaos.ro\/szatmarnemeti1\/\",\"name\":\"Szatm\u00e1rn\u00e9meti\",\"description\":\"\",\"potentialAction\":[{\"@type\":\"SearchAction\",\"target\":{\"@type\":\"EntryPoint\",\"urlTemplate\":\"https:\/\/www.nicolaos.ro\/szatmarnemeti1\/?s={search_term_string}\"},\"query-input\":{\"@type\":\"PropertyValueSpecification\",\"valueRequired\":true,\"valueName\":\"search_term_string\"}}],\"inLanguage\":\"hu\"}]}<\/script>\n<!-- \/ Yoast SEO plugin. -->","yoast_head_json":{"title":"Isten ideje, az Egyh\u00e1z ideje - Szatm\u00e1rn\u00e9meti","robots":{"index":"index","follow":"follow","max-snippet":"max-snippet:-1","max-image-preview":"max-image-preview:large","max-video-preview":"max-video-preview:-1"},"canonical":"https:\/\/www.nicolaos.ro\/szatmarnemeti1\/termek\/isten-ideje-az-egyhaz-ideje","og_locale":"hu_HU","og_type":"article","og_title":"Isten ideje, az Egyh\u00e1z ideje - Szatm\u00e1rn\u00e9meti","og_description":"Manuel Nin: Isten ideje, az Egyh\u00e1z ideje \u201eEz a k\u00f6nyv pontosan megmutatja nek\u00fcnk a liturgikus \u00e9v minden isteni \u00e9dess\u00e9g\u00e9t. A nagy j\u00e1rul\u00e9ka, hogy nem tiszt\u00e1n t\u00f6rt\u00e9neti adatokat ny\u00fajt, amelyek &#8211; b\u00e1r fontosak &#8211; \u00f6nmagukban sz\u00e1razak lehetnek. Nin atya kiadv\u00e1nya ink\u00e1bb a Szent\u00edr\u00e1s \u00e9s a liturgikus sz\u00f6vegek alapj\u00e1n mutatja be az egyes \u00fcnnepeket. Az \u00fcnnepek megtart\u00e1sa [&hellip;]","og_url":"https:\/\/www.nicolaos.ro\/szatmarnemeti1\/termek\/isten-ideje-az-egyhaz-ideje","og_site_name":"Szatm\u00e1rn\u00e9meti","article_modified_time":"2025-06-13T13:00:08+00:00","og_image":[{"width":1866,"height":1867,"url":"https:\/\/www.nicolaos.ro\/szatmarnemeti1\/wp-content\/uploads\/2025\/05\/Manuel-Nin-Isten-ideje-az-egyhaz-ideje-.jpg","type":"image\/jpeg"}],"twitter_card":"summary_large_image","twitter_misc":{"Becs\u00fclt olvas\u00e1si id\u0151":"1 perc"},"schema":{"@context":"https:\/\/schema.org","@graph":[{"@type":"WebPage","@id":"https:\/\/www.nicolaos.ro\/szatmarnemeti1\/termek\/isten-ideje-az-egyhaz-ideje","url":"https:\/\/www.nicolaos.ro\/szatmarnemeti1\/termek\/isten-ideje-az-egyhaz-ideje","name":"Isten ideje, az Egyh\u00e1z ideje - Szatm\u00e1rn\u00e9meti","isPartOf":{"@id":"https:\/\/www.nicolaos.ro\/szatmarnemeti1\/#website"},"primaryImageOfPage":{"@id":"https:\/\/www.nicolaos.ro\/szatmarnemeti1\/termek\/isten-ideje-az-egyhaz-ideje#primaryimage"},"image":{"@id":"https:\/\/www.nicolaos.ro\/szatmarnemeti1\/termek\/isten-ideje-az-egyhaz-ideje#primaryimage"},"thumbnailUrl":"https:\/\/www.nicolaos.ro\/szatmarnemeti1\/wp-content\/uploads\/2025\/05\/Manuel-Nin-Isten-ideje-az-egyhaz-ideje-.jpg","datePublished":"2025-05-27T13:17:00+00:00","dateModified":"2025-06-13T13:00:08+00:00","breadcrumb":{"@id":"https:\/\/www.nicolaos.ro\/szatmarnemeti1\/termek\/isten-ideje-az-egyhaz-ideje#breadcrumb"},"inLanguage":"hu","potentialAction":[{"@type":"ReadAction","target":["https:\/\/www.nicolaos.ro\/szatmarnemeti1\/termek\/isten-ideje-az-egyhaz-ideje"]}]},{"@type":"ImageObject","inLanguage":"hu","@id":"https:\/\/www.nicolaos.ro\/szatmarnemeti1\/termek\/isten-ideje-az-egyhaz-ideje#primaryimage","url":"https:\/\/www.nicolaos.ro\/szatmarnemeti1\/wp-content\/uploads\/2025\/05\/Manuel-Nin-Isten-ideje-az-egyhaz-ideje-.jpg","contentUrl":"https:\/\/www.nicolaos.ro\/szatmarnemeti1\/wp-content\/uploads\/2025\/05\/Manuel-Nin-Isten-ideje-az-egyhaz-ideje-.jpg","width":1866,"height":1867},{"@type":"BreadcrumbList","@id":"https:\/\/www.nicolaos.ro\/szatmarnemeti1\/termek\/isten-ideje-az-egyhaz-ideje#breadcrumb","itemListElement":[{"@type":"ListItem","position":1,"name":"Kezd\u0151lap","item":"https:\/\/www.nicolaos.ro\/szatmarnemeti1\/"},{"@type":"ListItem","position":2,"name":"EML\u00c9KT\u00c1RGY &#8211; souvenir","item":"https:\/\/www.nicolaos.ro\/szatmarnemeti1\/emlektargy-souvenir"},{"@type":"ListItem","position":3,"name":"Isten ideje, az Egyh\u00e1z ideje"}]},{"@type":"WebSite","@id":"https:\/\/www.nicolaos.ro\/szatmarnemeti1\/#website","url":"https:\/\/www.nicolaos.ro\/szatmarnemeti1\/","name":"Szatm\u00e1rn\u00e9meti","description":"","potentialAction":[{"@type":"SearchAction","target":{"@type":"EntryPoint","urlTemplate":"https:\/\/www.nicolaos.ro\/szatmarnemeti1\/?s={search_term_string}"},"query-input":{"@type":"PropertyValueSpecification","valueRequired":true,"valueName":"search_term_string"}}],"inLanguage":"hu"}]}},"_links":{"self":[{"href":"https:\/\/www.nicolaos.ro\/szatmarnemeti1\/wp-json\/wp\/v2\/product\/2782","targetHints":{"allow":["GET"]}}],"collection":[{"href":"https:\/\/www.nicolaos.ro\/szatmarnemeti1\/wp-json\/wp\/v2\/product"}],"about":[{"href":"https:\/\/www.nicolaos.ro\/szatmarnemeti1\/wp-json\/wp\/v2\/types\/product"}],"wp:featuredmedia":[{"embeddable":true,"href":"https:\/\/www.nicolaos.ro\/szatmarnemeti1\/wp-json\/wp\/v2\/media\/2865"}],"wp:attachment":[{"href":"https:\/\/www.nicolaos.ro\/szatmarnemeti1\/wp-json\/wp\/v2\/media?parent=2782"}],"wp:term":[{"taxonomy":"product_brand","embeddable":true,"href":"https:\/\/www.nicolaos.ro\/szatmarnemeti1\/wp-json\/wp\/v2\/product_brand?post=2782"},{"taxonomy":"product_cat","embeddable":true,"href":"https:\/\/www.nicolaos.ro\/szatmarnemeti1\/wp-json\/wp\/v2\/product_cat?post=2782"},{"taxonomy":"product_tag","embeddable":true,"href":"https:\/\/www.nicolaos.ro\/szatmarnemeti1\/wp-json\/wp\/v2\/product_tag?post=2782"}],"curies":[{"name":"wp","href":"https:\/\/api.w.org\/{rel}","templated":true}]}}